{"id":1035,"date":"2024-11-20T02:56:34","date_gmt":"2024-11-20T02:56:34","guid":{"rendered":"https:\/\/www.waldeckviachris.com\/routebeschrijving\/"},"modified":"2025-01-23T17:58:36","modified_gmt":"2025-01-23T17:58:36","slug":"routenbeschreibung","status":"publish","type":"page","link":"https:\/\/www.waldeckviachris.com\/de\/routenbeschreibung\/","title":{"rendered":"routenbeschreibung"},"content":{"rendered":"\t\t<div data-elementor-type=\"wp-page\" data-elementor-id=\"1035\" class=\"elementor elementor-1035 elementor-904\" data-elementor-post-type=\"page\">\n\t\t\t\t<div class=\"elementor-element elementor-element-9cf9b80 e-con-full e-flex e-con e-parent\" data-id=\"9cf9b80\" data-element_type=\"container\">\n\t\t\t\t<div class=\"elementor-element elementor-element-544b2ca elementor--h-position-center elementor--v-position-middle elementor-arrows-position-inside elementor-pagination-position-inside elementor-widget elementor-widget-slides\" data-id=\"544b2ca\" data-element_type=\"widget\" data-settings=\"{&quot;navigation&quot;:&quot;both&quot;,&quot;autoplay&quot;:&quot;yes&quot;,&quot;pause_on_hover&quot;:&quot;yes&quot;,&quot;pause_on_interaction&quot;:&quot;yes&quot;,&quot;autoplay_speed&quot;:5000,&quot;infinite&quot;:&quot;yes&quot;,&quot;transition&quot;:&quot;slide&quot;,&quot;transition_speed&quot;:500}\" data-widget_type=\"slides.default\">\n\t\t\t\t\t\t\t\t\t\t<div class=\"elementor-slides-wrapper elementor-main-swiper swiper\" role=\"region\" aria-roledescription=\"carousel\" aria-label=\"Slider\" dir=\"ltr\" data-animation=\"fadeInUp\">\n\t\t\t\t<div class=\"swiper-wrapper elementor-slides\">\n\t\t\t\t\t\t\t\t\t\t<div class=\"elementor-repeater-item-4789c27 swiper-slide\" role=\"group\" aria-roledescription=\"slide\"><div class=\"swiper-slide-bg\" role=\"img\"><\/div><div class=\"swiper-slide-inner\" ><div class=\"swiper-slide-contents\"><\/div><\/div><\/div><div class=\"elementor-repeater-item-0d5b193 swiper-slide\" role=\"group\" aria-roledescription=\"slide\"><div class=\"swiper-slide-bg\" role=\"img\"><\/div><div class=\"swiper-slide-inner\" ><div class=\"swiper-slide-contents\"><\/div><\/div><\/div><div class=\"elementor-repeater-item-da7e23c swiper-slide\" role=\"group\" aria-roledescription=\"slide\"><div class=\"swiper-slide-bg\" role=\"img\"><\/div><div class=\"swiper-slide-inner\" ><div class=\"swiper-slide-contents\"><\/div><\/div><\/div>\t\t\t\t<\/div>\n\t\t\t\t\t\t\t\t\t\t\t\t\t\t\t<div class=\"elementor-swiper-button elementor-swiper-button-prev\" role=\"button\" tabindex=\"0\" aria-label=\"Vorheriger Slide\">\n\t\t\t\t\t\t\t<svg aria-hidden=\"true\" class=\"e-font-icon-svg e-eicon-chevron-left\" viewBox=\"0 0 1000 1000\" xmlns=\"http:\/\/www.w3.org\/2000\/svg\"><path d=\"M646 125C629 125 613 133 604 142L308 442C296 454 292 471 292 487 292 504 296 521 308 533L604 854C617 867 629 875 646 875 663 875 679 871 692 858 704 846 713 829 713 812 713 796 708 779 692 767L438 487 692 225C700 217 708 204 708 187 708 171 704 154 692 142 675 129 663 125 646 125Z\"><\/path><\/svg>\t\t\t\t\t\t<\/div>\n\t\t\t\t\t\t<div class=\"elementor-swiper-button elementor-swiper-button-next\" role=\"button\" tabindex=\"0\" aria-label=\"N\u00e4chster Slide\">\n\t\t\t\t\t\t\t<svg aria-hidden=\"true\" class=\"e-font-icon-svg e-eicon-chevron-right\" viewBox=\"0 0 1000 1000\" xmlns=\"http:\/\/www.w3.org\/2000\/svg\"><path d=\"M696 533C708 521 713 504 713 487 713 471 708 454 696 446L400 146C388 133 375 125 354 125 338 125 325 129 313 142 300 154 292 171 292 187 292 204 296 221 308 233L563 492 304 771C292 783 288 800 288 817 288 833 296 850 308 863 321 871 338 875 354 875 371 875 388 867 400 854L696 533Z\"><\/path><\/svg>\t\t\t\t\t\t<\/div>\n\t\t\t\t\t\t\t\t\t\t\t\t\t\t\t\t<div class=\"swiper-pagination\"><\/div>\n\t\t\t\t\t\t\t\t\t\t\t\t<\/div>\n\t\t\t\t\t\t\t\t<\/div>\n\t\t\t\t<\/div>\n\t\t<div class=\"elementor-element elementor-element-75d6598 e-flex e-con-boxed e-con e-parent\" data-id=\"75d6598\" data-element_type=\"container\">\n\t\t\t\t\t<div class=\"e-con-inner\">\n\t\t\t\t<div class=\"elementor-element elementor-element-ec10449 line elementor-widget elementor-widget-heading\" data-id=\"ec10449\" data-element_type=\"widget\" data-widget_type=\"heading.default\">\n\t\t\t\t\t<h1 class=\"elementor-heading-title elementor-size-default\">Routenbeschreibung<\/h1>\t\t\t\t<\/div>\n\t\t\t\t<div class=\"elementor-element elementor-element-19bfa70 elementor-widget elementor-widget-text-editor\" data-id=\"19bfa70\" data-element_type=\"widget\" data-widget_type=\"text-editor.default\">\n\t\t\t\t\t\t\t\t\t<p><strong>Routenbeschreibung ab Waldeck.<\/strong><\/p><p>*In Waldeck, an er Kreuzung der Dr. Mauserstra\u00dfe, \u00dcberqueren Sie diese via Bahnhofstra\u00dfe&#8230;Dann kommen Sie am Eckeweg an.<\/p><p>*<strong>Vorsicht ab dem Eckeweg! (Waldeck) Die Navigation l\u00e4sst sich nicht gut steuern.<\/strong><\/p><p>*Achten Sie darauf, dass Sie oben auf der Stra\u00dfe weiterfahren, Sie passieren ein neues Haus auf der rechten Seite, sowie ein grau\/blaues Haus, dann ein weteres neues Haus.<\/p><p>*etwas weiter ein gro\u00dfer Bungalow auch auf der rechten Seite&#8230;Dann fahren Sie einfach weiter zum Verbotsschild und unserem Schild mit Logo. (Waldeck ViaChris)<\/p><p>*Dort biegen Sie rechts ab, fahren aber weiter GERADEAUS nach unten&#8230;Das ist links vom blauen Breifkasten und 3 bis 4 Containern.<\/p><p>*Nach ca. 200 Metern erreichen Sie unser Haus.<\/p><p>*Nur so erreichen Sie unser Haus. Wir sind die einzichen, die &#8222;unter&#8220; wohnen.<\/p><p><strong>*Achtung! Rehe k\u00f6nnen auf diesen Felden und W\u00e4ldern usw. laufen, besonders wenn Sie im Dunkeln ankommen.<\/strong><\/p><p><strong>*Sie k\u00f6nnen auf unserem Parkplatz parken, parken Sie so viel wie m\u00f6glich nach rechts und oben.<\/strong><\/p>\t\t\t\t\t\t\t\t<\/div>\n\t\t\t\t\t<\/div>\n\t\t\t\t<\/div>\n\t\t\t\t<\/div>\n\t\t","protected":false},"excerpt":{"rendered":"<p>Vorige slide Volgende slide Routenbeschreibung Routenbeschreibung ab Waldeck. *In Waldeck, an er Kreuzung der Dr. Mauserstra\u00dfe, \u00dcberqueren Sie diese via Bahnhofstra\u00dfe&#8230;Dann kommen Sie am Eckeweg an. *Vorsicht ab dem Eckeweg! (Waldeck) Die Navigation l\u00e4sst sich nicht gut steuern. *Achten Sie darauf, dass Sie oben auf der Stra\u00dfe weiterfahren, Sie passieren ein neues Haus auf der [&hellip;]<\/p>\n","protected":false},"author":1,"featured_media":14,"parent":0,"menu_order":0,"comment_status":"closed","ping_status":"closed","template":"","meta":{"inline_featured_image":false,"footnotes":""},"class_list":["post-1035","page","type-page","status-publish","has-post-thumbnail","hentry"],"yoast_head":"<!-- This site is optimized with the Yoast SEO plugin v27.6 - https:\/\/yoast.com\/product\/yoast-seo-wordpress\/ -->\n<title>routenbeschreibung - Waldeck ViaChris<\/title>\n<meta name=\"robots\" content=\"index, follow, max-snippet:-1, max-image-preview:large, max-video-preview:-1\" \/>\n<link rel=\"canonical\" href=\"https:\/\/www.waldeckviachris.com\/de\/routenbeschreibung\/\" \/>\n<meta property=\"og:locale\" content=\"de_DE\" \/>\n<meta property=\"og:type\" content=\"article\" \/>\n<meta property=\"og:title\" content=\"routenbeschreibung - Waldeck ViaChris\" \/>\n<meta property=\"og:description\" content=\"Vorige slide Volgende slide Routenbeschreibung Routenbeschreibung ab Waldeck. *In Waldeck, an er Kreuzung der Dr. Mauserstra\u00dfe, \u00dcberqueren Sie diese via Bahnhofstra\u00dfe&#8230;Dann kommen Sie am Eckeweg an. *Vorsicht ab dem Eckeweg! (Waldeck) Die Navigation l\u00e4sst sich nicht gut steuern. *Achten Sie darauf, dass Sie oben auf der Stra\u00dfe weiterfahren, Sie passieren ein neues Haus auf der [&hellip;]\" \/>\n<meta property=\"og:url\" content=\"https:\/\/www.waldeckviachris.com\/de\/routenbeschreibung\/\" \/>\n<meta property=\"og:site_name\" content=\"Waldeck ViaChris\" \/>\n<meta property=\"article:modified_time\" content=\"2025-01-23T17:58:36+00:00\" \/>\n<meta name=\"twitter:card\" content=\"summary_large_image\" \/>\n<meta name=\"twitter:label1\" content=\"Gesch\u00e4tzte Lesezeit\" \/>\n\t<meta name=\"twitter:data1\" content=\"1\u00a0Minute\" \/>\n<script type=\"application\/ld+json\" class=\"yoast-schema-graph\">{\"@context\":\"https:\\\/\\\/schema.org\",\"@graph\":[{\"@type\":\"WebPage\",\"@id\":\"https:\\\/\\\/www.waldeckviachris.com\\\/de\\\/routenbeschreibung\\\/\",\"url\":\"https:\\\/\\\/www.waldeckviachris.com\\\/de\\\/routenbeschreibung\\\/\",\"name\":\"routenbeschreibung - Waldeck ViaChris\",\"isPartOf\":{\"@id\":\"https:\\\/\\\/www.waldeckviachris.com\\\/#website\"},\"primaryImageOfPage\":{\"@id\":\"https:\\\/\\\/www.waldeckviachris.com\\\/de\\\/routenbeschreibung\\\/#primaryimage\"},\"image\":{\"@id\":\"https:\\\/\\\/www.waldeckviachris.com\\\/de\\\/routenbeschreibung\\\/#primaryimage\"},\"thumbnailUrl\":\"\",\"datePublished\":\"2024-11-20T02:56:34+00:00\",\"dateModified\":\"2025-01-23T17:58:36+00:00\",\"breadcrumb\":{\"@id\":\"https:\\\/\\\/www.waldeckviachris.com\\\/de\\\/routenbeschreibung\\\/#breadcrumb\"},\"inLanguage\":\"de\",\"potentialAction\":[{\"@type\":\"ReadAction\",\"target\":[\"https:\\\/\\\/www.waldeckviachris.com\\\/de\\\/routenbeschreibung\\\/\"]}]},{\"@type\":\"ImageObject\",\"inLanguage\":\"de\",\"@id\":\"https:\\\/\\\/www.waldeckviachris.com\\\/de\\\/routenbeschreibung\\\/#primaryimage\",\"url\":\"\",\"contentUrl\":\"\"},{\"@type\":\"BreadcrumbList\",\"@id\":\"https:\\\/\\\/www.waldeckviachris.com\\\/de\\\/routenbeschreibung\\\/#breadcrumb\",\"itemListElement\":[{\"@type\":\"ListItem\",\"position\":1,\"name\":\"Home\",\"item\":\"https:\\\/\\\/www.waldeckviachris.com\\\/de\\\/\"},{\"@type\":\"ListItem\",\"position\":2,\"name\":\"routenbeschreibung\"}]},{\"@type\":\"WebSite\",\"@id\":\"https:\\\/\\\/www.waldeckviachris.com\\\/#website\",\"url\":\"https:\\\/\\\/www.waldeckviachris.com\\\/\",\"name\":\"Waldeck ViaChris\",\"description\":\"\",\"publisher\":{\"@id\":\"https:\\\/\\\/www.waldeckviachris.com\\\/#organization\"},\"potentialAction\":[{\"@type\":\"SearchAction\",\"target\":{\"@type\":\"EntryPoint\",\"urlTemplate\":\"https:\\\/\\\/www.waldeckviachris.com\\\/?s={search_term_string}\"},\"query-input\":{\"@type\":\"PropertyValueSpecification\",\"valueRequired\":true,\"valueName\":\"search_term_string\"}}],\"inLanguage\":\"de\"},{\"@type\":\"Organization\",\"@id\":\"https:\\\/\\\/www.waldeckviachris.com\\\/#organization\",\"name\":\"vakantiewoning Waldeck ViaChris\",\"url\":\"https:\\\/\\\/www.waldeckviachris.com\\\/\",\"logo\":{\"@type\":\"ImageObject\",\"inLanguage\":\"de\",\"@id\":\"https:\\\/\\\/www.waldeckviachris.com\\\/#\\\/schema\\\/logo\\\/image\\\/\",\"url\":\"https:\\\/\\\/www.waldeckviachris.com\\\/wp-content\\\/uploads\\\/2024\\\/11\\\/logo.png\",\"contentUrl\":\"https:\\\/\\\/www.waldeckviachris.com\\\/wp-content\\\/uploads\\\/2024\\\/11\\\/logo.png\",\"width\":312,\"height\":112,\"caption\":\"vakantiewoning Waldeck ViaChris\"},\"image\":{\"@id\":\"https:\\\/\\\/www.waldeckviachris.com\\\/#\\\/schema\\\/logo\\\/image\\\/\"}}]}<\/script>\n<!-- \/ Yoast SEO plugin. -->","yoast_head_json":{"title":"routenbeschreibung - Waldeck ViaChris","robots":{"index":"index","follow":"follow","max-snippet":"max-snippet:-1","max-image-preview":"max-image-preview:large","max-video-preview":"max-video-preview:-1"},"canonical":"https:\/\/www.waldeckviachris.com\/de\/routenbeschreibung\/","og_locale":"de_DE","og_type":"article","og_title":"routenbeschreibung - Waldeck ViaChris","og_description":"Vorige slide Volgende slide Routenbeschreibung Routenbeschreibung ab Waldeck. *In Waldeck, an er Kreuzung der Dr. Mauserstra\u00dfe, \u00dcberqueren Sie diese via Bahnhofstra\u00dfe&#8230;Dann kommen Sie am Eckeweg an. *Vorsicht ab dem Eckeweg! (Waldeck) Die Navigation l\u00e4sst sich nicht gut steuern. *Achten Sie darauf, dass Sie oben auf der Stra\u00dfe weiterfahren, Sie passieren ein neues Haus auf der [&hellip;]","og_url":"https:\/\/www.waldeckviachris.com\/de\/routenbeschreibung\/","og_site_name":"Waldeck ViaChris","article_modified_time":"2025-01-23T17:58:36+00:00","twitter_card":"summary_large_image","twitter_misc":{"Gesch\u00e4tzte Lesezeit":"1\u00a0Minute"},"schema":{"@context":"https:\/\/schema.org","@graph":[{"@type":"WebPage","@id":"https:\/\/www.waldeckviachris.com\/de\/routenbeschreibung\/","url":"https:\/\/www.waldeckviachris.com\/de\/routenbeschreibung\/","name":"routenbeschreibung - Waldeck ViaChris","isPartOf":{"@id":"https:\/\/www.waldeckviachris.com\/#website"},"primaryImageOfPage":{"@id":"https:\/\/www.waldeckviachris.com\/de\/routenbeschreibung\/#primaryimage"},"image":{"@id":"https:\/\/www.waldeckviachris.com\/de\/routenbeschreibung\/#primaryimage"},"thumbnailUrl":"","datePublished":"2024-11-20T02:56:34+00:00","dateModified":"2025-01-23T17:58:36+00:00","breadcrumb":{"@id":"https:\/\/www.waldeckviachris.com\/de\/routenbeschreibung\/#breadcrumb"},"inLanguage":"de","potentialAction":[{"@type":"ReadAction","target":["https:\/\/www.waldeckviachris.com\/de\/routenbeschreibung\/"]}]},{"@type":"ImageObject","inLanguage":"de","@id":"https:\/\/www.waldeckviachris.com\/de\/routenbeschreibung\/#primaryimage","url":"","contentUrl":""},{"@type":"BreadcrumbList","@id":"https:\/\/www.waldeckviachris.com\/de\/routenbeschreibung\/#breadcrumb","itemListElement":[{"@type":"ListItem","position":1,"name":"Home","item":"https:\/\/www.waldeckviachris.com\/de\/"},{"@type":"ListItem","position":2,"name":"routenbeschreibung"}]},{"@type":"WebSite","@id":"https:\/\/www.waldeckviachris.com\/#website","url":"https:\/\/www.waldeckviachris.com\/","name":"Waldeck ViaChris","description":"","publisher":{"@id":"https:\/\/www.waldeckviachris.com\/#organization"},"potentialAction":[{"@type":"SearchAction","target":{"@type":"EntryPoint","urlTemplate":"https:\/\/www.waldeckviachris.com\/?s={search_term_string}"},"query-input":{"@type":"PropertyValueSpecification","valueRequired":true,"valueName":"search_term_string"}}],"inLanguage":"de"},{"@type":"Organization","@id":"https:\/\/www.waldeckviachris.com\/#organization","name":"vakantiewoning Waldeck ViaChris","url":"https:\/\/www.waldeckviachris.com\/","logo":{"@type":"ImageObject","inLanguage":"de","@id":"https:\/\/www.waldeckviachris.com\/#\/schema\/logo\/image\/","url":"https:\/\/www.waldeckviachris.com\/wp-content\/uploads\/2024\/11\/logo.png","contentUrl":"https:\/\/www.waldeckviachris.com\/wp-content\/uploads\/2024\/11\/logo.png","width":312,"height":112,"caption":"vakantiewoning Waldeck ViaChris"},"image":{"@id":"https:\/\/www.waldeckviachris.com\/#\/schema\/logo\/image\/"}}]}},"_links":{"self":[{"href":"https:\/\/www.waldeckviachris.com\/de\/wp-json\/wp\/v2\/pages\/1035","targetHints":{"allow":["GET"]}}],"collection":[{"href":"https:\/\/www.waldeckviachris.com\/de\/wp-json\/wp\/v2\/pages"}],"about":[{"href":"https:\/\/www.waldeckviachris.com\/de\/wp-json\/wp\/v2\/types\/page"}],"author":[{"embeddable":true,"href":"https:\/\/www.waldeckviachris.com\/de\/wp-json\/wp\/v2\/users\/1"}],"replies":[{"embeddable":true,"href":"https:\/\/www.waldeckviachris.com\/de\/wp-json\/wp\/v2\/comments?post=1035"}],"version-history":[{"count":37,"href":"https:\/\/www.waldeckviachris.com\/de\/wp-json\/wp\/v2\/pages\/1035\/revisions"}],"predecessor-version":[{"id":1668,"href":"https:\/\/www.waldeckviachris.com\/de\/wp-json\/wp\/v2\/pages\/1035\/revisions\/1668"}],"wp:featuredmedia":[{"embeddable":true,"href":"https:\/\/www.waldeckviachris.com\/de\/wp-json\/"}],"wp:attachment":[{"href":"https:\/\/www.waldeckviachris.com\/de\/wp-json\/wp\/v2\/media?parent=1035"}],"curies":[{"name":"wp","href":"https:\/\/api.w.org\/{rel}","templated":true}]}}