{"id":1036,"date":"2024-11-20T02:52:31","date_gmt":"2024-11-20T02:52:31","guid":{"rendered":"https:\/\/www.waldeckviachris.com\/reserveren\/"},"modified":"2025-02-18T09:29:01","modified_gmt":"2025-02-18T09:29:01","slug":"buchung","status":"publish","type":"page","link":"https:\/\/www.waldeckviachris.com\/de\/buchung\/","title":{"rendered":"Buchung"},"content":{"rendered":"\t\t<div data-elementor-type=\"wp-page\" data-elementor-id=\"1036\" class=\"elementor elementor-1036 elementor-891\" data-elementor-post-type=\"page\">\n\t\t\t\t<div class=\"elementor-element elementor-element-9cf9b80 e-con-full e-flex e-con e-parent\" data-id=\"9cf9b80\" data-element_type=\"container\">\n\t\t\t\t<div class=\"elementor-element elementor-element-544b2ca elementor--h-position-center elementor--v-position-middle elementor-arrows-position-inside elementor-pagination-position-inside elementor-widget elementor-widget-slides\" data-id=\"544b2ca\" data-element_type=\"widget\" data-settings=\"{&quot;navigation&quot;:&quot;both&quot;,&quot;autoplay&quot;:&quot;yes&quot;,&quot;pause_on_hover&quot;:&quot;yes&quot;,&quot;pause_on_interaction&quot;:&quot;yes&quot;,&quot;autoplay_speed&quot;:5000,&quot;infinite&quot;:&quot;yes&quot;,&quot;transition&quot;:&quot;slide&quot;,&quot;transition_speed&quot;:500}\" data-widget_type=\"slides.default\">\n\t\t\t\t\t\t\t\t\t\t<div class=\"elementor-slides-wrapper elementor-main-swiper swiper\" role=\"region\" aria-roledescription=\"carousel\" aria-label=\"Slides\" dir=\"ltr\" data-animation=\"fadeInUp\">\n\t\t\t\t<div class=\"swiper-wrapper elementor-slides\">\n\t\t\t\t\t\t\t\t\t\t<div class=\"elementor-repeater-item-da7e23c swiper-slide\" role=\"group\" aria-roledescription=\"slide\"><div class=\"swiper-slide-bg\" role=\"img\"><\/div><div class=\"swiper-slide-inner\" ><div class=\"swiper-slide-contents\"><\/div><\/div><\/div><div class=\"elementor-repeater-item-9ef47f9 swiper-slide\" role=\"group\" aria-roledescription=\"slide\"><div class=\"swiper-slide-bg\" role=\"img\"><\/div><div class=\"swiper-slide-inner\" ><div class=\"swiper-slide-contents\"><\/div><\/div><\/div><div class=\"elementor-repeater-item-605e7a5 swiper-slide\" role=\"group\" aria-roledescription=\"slide\"><div class=\"swiper-slide-bg\" role=\"img\"><\/div><div class=\"swiper-slide-inner\" ><div class=\"swiper-slide-contents\"><\/div><\/div><\/div>\t\t\t\t<\/div>\n\t\t\t\t\t\t\t\t\t\t\t\t\t\t\t<div class=\"elementor-swiper-button elementor-swiper-button-prev\" role=\"button\" tabindex=\"0\" aria-label=\"Vorheriger Slide\">\n\t\t\t\t\t\t\t<svg aria-hidden=\"true\" class=\"e-font-icon-svg e-eicon-chevron-left\" viewBox=\"0 0 1000 1000\" xmlns=\"http:\/\/www.w3.org\/2000\/svg\"><path d=\"M646 125C629 125 613 133 604 142L308 442C296 454 292 471 292 487 292 504 296 521 308 533L604 854C617 867 629 875 646 875 663 875 679 871 692 858 704 846 713 829 713 812 713 796 708 779 692 767L438 487 692 225C700 217 708 204 708 187 708 171 704 154 692 142 675 129 663 125 646 125Z\"><\/path><\/svg>\t\t\t\t\t\t<\/div>\n\t\t\t\t\t\t<div class=\"elementor-swiper-button elementor-swiper-button-next\" role=\"button\" tabindex=\"0\" aria-label=\"N\u00e4chster Slide\">\n\t\t\t\t\t\t\t<svg aria-hidden=\"true\" class=\"e-font-icon-svg e-eicon-chevron-right\" viewBox=\"0 0 1000 1000\" xmlns=\"http:\/\/www.w3.org\/2000\/svg\"><path d=\"M696 533C708 521 713 504 713 487 713 471 708 454 696 446L400 146C388 133 375 125 354 125 338 125 325 129 313 142 300 154 292 171 292 187 292 204 296 221 308 233L563 492 304 771C292 783 288 800 288 817 288 833 296 850 308 863 321 871 338 875 354 875 371 875 388 867 400 854L696 533Z\"><\/path><\/svg>\t\t\t\t\t\t<\/div>\n\t\t\t\t\t\t\t\t\t\t\t\t\t\t\t\t<div class=\"swiper-pagination\"><\/div>\n\t\t\t\t\t\t\t\t\t\t\t\t<\/div>\n\t\t\t\t\t\t\t\t<\/div>\n\t\t\t\t<\/div>\n\t\t<div class=\"elementor-element elementor-element-75d6598 e-flex e-con-boxed e-con e-parent\" data-id=\"75d6598\" data-element_type=\"container\">\n\t\t\t\t\t<div class=\"e-con-inner\">\n\t\t\t\t<div class=\"elementor-element elementor-element-a3ec000 line elementor-widget elementor-widget-heading\" data-id=\"a3ec000\" data-element_type=\"widget\" data-widget_type=\"heading.default\">\n\t\t\t\t\t<h1 class=\"elementor-heading-title elementor-size-default\">Buchung<\/h1>\t\t\t\t<\/div>\n\t\t\t\t<div class=\"elementor-element elementor-element-4c215cd elementor-widget elementor-widget-text-editor\" data-id=\"4c215cd\" data-element_type=\"widget\" data-widget_type=\"text-editor.default\">\n\t\t\t\t\t\t\t\t\t<p>M\u00f6chten Sie reservieren, nutzen Sie unser Kalender oder rufen Sie an oder mailen Sie direkt:<\/p>\t\t\t\t\t\t\t\t<\/div>\n\t\t\t\t<div class=\"elementor-element elementor-element-b00bdf8 elementor-widget elementor-widget-button\" data-id=\"b00bdf8\" data-element_type=\"widget\" data-widget_type=\"button.default\">\n\t\t\t\t\t\t\t\t\t\t<a class=\"elementor-button elementor-button-link elementor-size-sm\" href=\"https:\/\/www.natuurhuisje.nl\/vakantiehuisje\/30541\" target=\"_blank\">\n\t\t\t\t\t\t<span class=\"elementor-button-content-wrapper\">\n\t\t\t\t\t\t\t\t\t<span class=\"elementor-button-text\">Buchen Sie direkt<\/span>\n\t\t\t\t\t<\/span>\n\t\t\t\t\t<\/a>\n\t\t\t\t\t\t\t\t<\/div>\n\t\t\t\t<div class=\"elementor-element elementor-element-19bfa70 elementor-widget elementor-widget-text-editor\" data-id=\"19bfa70\" data-element_type=\"widget\" data-widget_type=\"text-editor.default\">\n\t\t\t\t\t\t\t\t\t<p>T. 0049 &#8211; 5623 97 29 470<br \/>M. 0049-1515 0972 473<br \/>E. <a href=\"mailto:info@waldeckviachris.com\">info@waldeckviachris.com<\/a><\/p><p><strong>Bitte beachten Sie, dass wir Ihnen bei einer Stornierung folgende Kosten berechnen m\u00fcssen.<\/strong><br \/><strong>Diese Kosten sind inklusief Verwaltungsgeb\u00fchren.<\/strong><\/p><p>* Stornierungen sind innerhalb von 24 Stunden kostenlos.<br \/>* bis 6 Woche vor Anreise 80% des Buchungspreises.<br \/>* von 4 bis 6 Woche vor Anreise: 75% des Buchungspreises.<br \/>* von 2 bis 4 Woche vor Anreise; 50% des Buchungspreises.<br \/>* bis 1 Woche vor Anreise: 100% des Buchungspreises.<\/p><p><strong>Kosten im Zusammenhang mit rechtlichen Verpflichtungen in Bezug auf Korona und andere Pandemien \/ Katastrophen.<\/strong><\/p><p>* Wir werden einmal kostenlos umbuchen f\u00fcr Korona-oder andere Pandemievorschriften bis mindestens 2 Tage vor der Ankunft schlie\u00dfen m\u00fcssen.<\/p><p>* Dies gilt auch im Krankheitsfall mit einem \u00e4rzlichen Attest.<\/p><p>*Danach werden f\u00fcr jede Umbuchung 50,00 \u20ac berechnet.<\/p><p>*Erfolgt die Umbuchung ein Jahr sp\u00e4ter, gelten ebenfalls die 50,00 \u20ac pro Umbuchung plus die Preiserh\u00f6hung dieses Jahres.<\/p><p><strong>Hausordnung.<\/strong><\/p><p>*Aus Respekt vor der Natur: Ruhe zwischen: 22.00 und 07.00 Uhr.<\/p><p>*Mindestalter des Hauptbuchers 18 Jahre.<\/p><p>*Rauchen ist in diesem Haus nicht erlaubt.<\/p><p>*Partys oder Veranstaltungen sind nicht erlaubt.<\/p><p>*Dieses Haus ist nicht f\u00fcr Gruppen von Jugendlichen, Studenten und Sporttenteams geeignet.<\/p><p>*Mulltrenning ist in diesem Haus Pficht.<\/p><p>*Wir haften nicht f\u00fcr erlittene Sch\u00e4den und\/oder Verletzungen.<\/p><p>*Fondue, Gourmet, Raclette, Braten ist im Haus nicht erlaubt.<\/p><p>*Hunde und andere Haustiere sind nicht gestattet.<\/p><p>\u00a0<\/p>\t\t\t\t\t\t\t\t<\/div>\n\t\t\t\t\t<\/div>\n\t\t\t\t<\/div>\n\t\t\t\t<\/div>\n\t\t","protected":false},"excerpt":{"rendered":"<p>Buchung M\u00f6chten Sie reservieren, nutzen Sie unser Kalender oder rufen Sie an oder mailen Sie direkt: Buchen Sie direkt T. 0049 &#8211; 5623 97 29 470M. 0049-1515 0972 473E. info@waldeckviachris.com Bitte beachten Sie, dass wir Ihnen bei einer Stornierung folgende Kosten berechnen m\u00fcssen.Diese Kosten sind inklusief Verwaltungsgeb\u00fchren. * Stornierungen sind innerhalb von 24 Stunden kostenlos.* [&hellip;]<\/p>\n","protected":false},"author":1,"featured_media":14,"parent":0,"menu_order":0,"comment_status":"closed","ping_status":"closed","template":"","meta":{"inline_featured_image":false,"footnotes":""},"class_list":["post-1036","page","type-page","status-publish","has-post-thumbnail","hentry"],"yoast_head":"<!-- This site is optimized with the Yoast SEO plugin v27.6 - https:\/\/yoast.com\/product\/yoast-seo-wordpress\/ -->\n<title>Buchung - Waldeck ViaChris<\/title>\n<meta name=\"robots\" content=\"index, follow, max-snippet:-1, max-image-preview:large, max-video-preview:-1\" \/>\n<link rel=\"canonical\" href=\"https:\/\/www.waldeckviachris.com\/de\/buchung\/\" \/>\n<meta property=\"og:locale\" content=\"de_DE\" \/>\n<meta property=\"og:type\" content=\"article\" \/>\n<meta property=\"og:title\" content=\"Buchung - Waldeck ViaChris\" \/>\n<meta property=\"og:description\" content=\"Buchung M\u00f6chten Sie reservieren, nutzen Sie unser Kalender oder rufen Sie an oder mailen Sie direkt: Buchen Sie direkt T. 0049 &#8211; 5623 97 29 470M. 0049-1515 0972 473E. info@waldeckviachris.com Bitte beachten Sie, dass wir Ihnen bei einer Stornierung folgende Kosten berechnen m\u00fcssen.Diese Kosten sind inklusief Verwaltungsgeb\u00fchren. * Stornierungen sind innerhalb von 24 Stunden kostenlos.* [&hellip;]\" \/>\n<meta property=\"og:url\" content=\"https:\/\/www.waldeckviachris.com\/de\/buchung\/\" \/>\n<meta property=\"og:site_name\" content=\"Waldeck ViaChris\" \/>\n<meta property=\"article:modified_time\" content=\"2025-02-18T09:29:01+00:00\" \/>\n<meta name=\"twitter:card\" content=\"summary_large_image\" \/>\n<script type=\"application\/ld+json\" class=\"yoast-schema-graph\">{\"@context\":\"https:\\\/\\\/schema.org\",\"@graph\":[{\"@type\":\"WebPage\",\"@id\":\"https:\\\/\\\/www.waldeckviachris.com\\\/de\\\/buchung\\\/\",\"url\":\"https:\\\/\\\/www.waldeckviachris.com\\\/de\\\/buchung\\\/\",\"name\":\"Buchung - Waldeck ViaChris\",\"isPartOf\":{\"@id\":\"https:\\\/\\\/www.waldeckviachris.com\\\/#website\"},\"primaryImageOfPage\":{\"@id\":\"https:\\\/\\\/www.waldeckviachris.com\\\/de\\\/buchung\\\/#primaryimage\"},\"image\":{\"@id\":\"https:\\\/\\\/www.waldeckviachris.com\\\/de\\\/buchung\\\/#primaryimage\"},\"thumbnailUrl\":\"\",\"datePublished\":\"2024-11-20T02:52:31+00:00\",\"dateModified\":\"2025-02-18T09:29:01+00:00\",\"breadcrumb\":{\"@id\":\"https:\\\/\\\/www.waldeckviachris.com\\\/de\\\/buchung\\\/#breadcrumb\"},\"inLanguage\":\"de\",\"potentialAction\":[{\"@type\":\"ReadAction\",\"target\":[\"https:\\\/\\\/www.waldeckviachris.com\\\/de\\\/buchung\\\/\"]}]},{\"@type\":\"ImageObject\",\"inLanguage\":\"de\",\"@id\":\"https:\\\/\\\/www.waldeckviachris.com\\\/de\\\/buchung\\\/#primaryimage\",\"url\":\"\",\"contentUrl\":\"\"},{\"@type\":\"BreadcrumbList\",\"@id\":\"https:\\\/\\\/www.waldeckviachris.com\\\/de\\\/buchung\\\/#breadcrumb\",\"itemListElement\":[{\"@type\":\"ListItem\",\"position\":1,\"name\":\"Home\",\"item\":\"https:\\\/\\\/www.waldeckviachris.com\\\/de\\\/\"},{\"@type\":\"ListItem\",\"position\":2,\"name\":\"Buchung\"}]},{\"@type\":\"WebSite\",\"@id\":\"https:\\\/\\\/www.waldeckviachris.com\\\/#website\",\"url\":\"https:\\\/\\\/www.waldeckviachris.com\\\/\",\"name\":\"Waldeck ViaChris\",\"description\":\"\",\"publisher\":{\"@id\":\"https:\\\/\\\/www.waldeckviachris.com\\\/#organization\"},\"potentialAction\":[{\"@type\":\"SearchAction\",\"target\":{\"@type\":\"EntryPoint\",\"urlTemplate\":\"https:\\\/\\\/www.waldeckviachris.com\\\/?s={search_term_string}\"},\"query-input\":{\"@type\":\"PropertyValueSpecification\",\"valueRequired\":true,\"valueName\":\"search_term_string\"}}],\"inLanguage\":\"de\"},{\"@type\":\"Organization\",\"@id\":\"https:\\\/\\\/www.waldeckviachris.com\\\/#organization\",\"name\":\"vakantiewoning Waldeck ViaChris\",\"url\":\"https:\\\/\\\/www.waldeckviachris.com\\\/\",\"logo\":{\"@type\":\"ImageObject\",\"inLanguage\":\"de\",\"@id\":\"https:\\\/\\\/www.waldeckviachris.com\\\/#\\\/schema\\\/logo\\\/image\\\/\",\"url\":\"https:\\\/\\\/www.waldeckviachris.com\\\/wp-content\\\/uploads\\\/2024\\\/11\\\/logo.png\",\"contentUrl\":\"https:\\\/\\\/www.waldeckviachris.com\\\/wp-content\\\/uploads\\\/2024\\\/11\\\/logo.png\",\"width\":312,\"height\":112,\"caption\":\"vakantiewoning Waldeck ViaChris\"},\"image\":{\"@id\":\"https:\\\/\\\/www.waldeckviachris.com\\\/#\\\/schema\\\/logo\\\/image\\\/\"}}]}<\/script>\n<!-- \/ Yoast SEO plugin. -->","yoast_head_json":{"title":"Buchung - Waldeck ViaChris","robots":{"index":"index","follow":"follow","max-snippet":"max-snippet:-1","max-image-preview":"max-image-preview:large","max-video-preview":"max-video-preview:-1"},"canonical":"https:\/\/www.waldeckviachris.com\/de\/buchung\/","og_locale":"de_DE","og_type":"article","og_title":"Buchung - Waldeck ViaChris","og_description":"Buchung M\u00f6chten Sie reservieren, nutzen Sie unser Kalender oder rufen Sie an oder mailen Sie direkt: Buchen Sie direkt T. 0049 &#8211; 5623 97 29 470M. 0049-1515 0972 473E. info@waldeckviachris.com Bitte beachten Sie, dass wir Ihnen bei einer Stornierung folgende Kosten berechnen m\u00fcssen.Diese Kosten sind inklusief Verwaltungsgeb\u00fchren. * Stornierungen sind innerhalb von 24 Stunden kostenlos.* [&hellip;]","og_url":"https:\/\/www.waldeckviachris.com\/de\/buchung\/","og_site_name":"Waldeck ViaChris","article_modified_time":"2025-02-18T09:29:01+00:00","twitter_card":"summary_large_image","schema":{"@context":"https:\/\/schema.org","@graph":[{"@type":"WebPage","@id":"https:\/\/www.waldeckviachris.com\/de\/buchung\/","url":"https:\/\/www.waldeckviachris.com\/de\/buchung\/","name":"Buchung - Waldeck ViaChris","isPartOf":{"@id":"https:\/\/www.waldeckviachris.com\/#website"},"primaryImageOfPage":{"@id":"https:\/\/www.waldeckviachris.com\/de\/buchung\/#primaryimage"},"image":{"@id":"https:\/\/www.waldeckviachris.com\/de\/buchung\/#primaryimage"},"thumbnailUrl":"","datePublished":"2024-11-20T02:52:31+00:00","dateModified":"2025-02-18T09:29:01+00:00","breadcrumb":{"@id":"https:\/\/www.waldeckviachris.com\/de\/buchung\/#breadcrumb"},"inLanguage":"de","potentialAction":[{"@type":"ReadAction","target":["https:\/\/www.waldeckviachris.com\/de\/buchung\/"]}]},{"@type":"ImageObject","inLanguage":"de","@id":"https:\/\/www.waldeckviachris.com\/de\/buchung\/#primaryimage","url":"","contentUrl":""},{"@type":"BreadcrumbList","@id":"https:\/\/www.waldeckviachris.com\/de\/buchung\/#breadcrumb","itemListElement":[{"@type":"ListItem","position":1,"name":"Home","item":"https:\/\/www.waldeckviachris.com\/de\/"},{"@type":"ListItem","position":2,"name":"Buchung"}]},{"@type":"WebSite","@id":"https:\/\/www.waldeckviachris.com\/#website","url":"https:\/\/www.waldeckviachris.com\/","name":"Waldeck ViaChris","description":"","publisher":{"@id":"https:\/\/www.waldeckviachris.com\/#organization"},"potentialAction":[{"@type":"SearchAction","target":{"@type":"EntryPoint","urlTemplate":"https:\/\/www.waldeckviachris.com\/?s={search_term_string}"},"query-input":{"@type":"PropertyValueSpecification","valueRequired":true,"valueName":"search_term_string"}}],"inLanguage":"de"},{"@type":"Organization","@id":"https:\/\/www.waldeckviachris.com\/#organization","name":"vakantiewoning Waldeck ViaChris","url":"https:\/\/www.waldeckviachris.com\/","logo":{"@type":"ImageObject","inLanguage":"de","@id":"https:\/\/www.waldeckviachris.com\/#\/schema\/logo\/image\/","url":"https:\/\/www.waldeckviachris.com\/wp-content\/uploads\/2024\/11\/logo.png","contentUrl":"https:\/\/www.waldeckviachris.com\/wp-content\/uploads\/2024\/11\/logo.png","width":312,"height":112,"caption":"vakantiewoning Waldeck ViaChris"},"image":{"@id":"https:\/\/www.waldeckviachris.com\/#\/schema\/logo\/image\/"}}]}},"_links":{"self":[{"href":"https:\/\/www.waldeckviachris.com\/de\/wp-json\/wp\/v2\/pages\/1036","targetHints":{"allow":["GET"]}}],"collection":[{"href":"https:\/\/www.waldeckviachris.com\/de\/wp-json\/wp\/v2\/pages"}],"about":[{"href":"https:\/\/www.waldeckviachris.com\/de\/wp-json\/wp\/v2\/types\/page"}],"author":[{"embeddable":true,"href":"https:\/\/www.waldeckviachris.com\/de\/wp-json\/wp\/v2\/users\/1"}],"replies":[{"embeddable":true,"href":"https:\/\/www.waldeckviachris.com\/de\/wp-json\/wp\/v2\/comments?post=1036"}],"version-history":[{"count":31,"href":"https:\/\/www.waldeckviachris.com\/de\/wp-json\/wp\/v2\/pages\/1036\/revisions"}],"predecessor-version":[{"id":1867,"href":"https:\/\/www.waldeckviachris.com\/de\/wp-json\/wp\/v2\/pages\/1036\/revisions\/1867"}],"wp:featuredmedia":[{"embeddable":true,"href":"https:\/\/www.waldeckviachris.com\/de\/wp-json\/"}],"wp:attachment":[{"href":"https:\/\/www.waldeckviachris.com\/de\/wp-json\/wp\/v2\/media?parent=1036"}],"curies":[{"name":"wp","href":"https:\/\/api.w.org\/{rel}","templated":true}]}}