{"id":1037,"date":"2024-11-20T02:51:02","date_gmt":"2024-11-20T02:51:02","guid":{"rendered":"https:\/\/www.waldeckviachris.com\/de-omgeving\/"},"modified":"2025-03-22T17:04:32","modified_gmt":"2025-03-22T17:04:32","slug":"die-umgebung","status":"publish","type":"page","link":"https:\/\/www.waldeckviachris.com\/de\/die-umgebung\/","title":{"rendered":"Die Umgebung"},"content":{"rendered":"\t\t<div data-elementor-type=\"wp-page\" data-elementor-id=\"1037\" class=\"elementor elementor-1037 elementor-883\" data-elementor-post-type=\"page\">\n\t\t\t\t<div class=\"elementor-element elementor-element-9cf9b80 e-con-full e-flex e-con e-parent\" data-id=\"9cf9b80\" data-element_type=\"container\">\n\t\t\t\t<div class=\"elementor-element elementor-element-544b2ca elementor--h-position-center elementor--v-position-middle elementor-arrows-position-inside elementor-pagination-position-inside elementor-widget elementor-widget-slides\" data-id=\"544b2ca\" data-element_type=\"widget\" data-settings=\"{&quot;navigation&quot;:&quot;both&quot;,&quot;autoplay&quot;:&quot;yes&quot;,&quot;pause_on_hover&quot;:&quot;yes&quot;,&quot;pause_on_interaction&quot;:&quot;yes&quot;,&quot;autoplay_speed&quot;:5000,&quot;infinite&quot;:&quot;yes&quot;,&quot;transition&quot;:&quot;slide&quot;,&quot;transition_speed&quot;:500}\" data-widget_type=\"slides.default\">\n\t\t\t\t\t\t\t\t\t\t<div class=\"elementor-slides-wrapper elementor-main-swiper swiper\" role=\"region\" aria-roledescription=\"carousel\" aria-label=\"Slides\" dir=\"ltr\" data-animation=\"fadeInUp\">\n\t\t\t\t<div class=\"swiper-wrapper elementor-slides\">\n\t\t\t\t\t\t\t\t\t\t<div class=\"elementor-repeater-item-4789c27 swiper-slide\" role=\"group\" aria-roledescription=\"slide\"><div class=\"swiper-slide-bg\" role=\"img\"><\/div><div class=\"swiper-slide-inner\" ><div class=\"swiper-slide-contents\"><\/div><\/div><\/div><div class=\"elementor-repeater-item-a6cc09d swiper-slide\" role=\"group\" aria-roledescription=\"slide\"><div class=\"swiper-slide-bg\" role=\"img\"><\/div><div class=\"swiper-slide-inner\" ><div class=\"swiper-slide-contents\"><\/div><\/div><\/div><div class=\"elementor-repeater-item-da7e23c swiper-slide\" role=\"group\" aria-roledescription=\"slide\"><div class=\"swiper-slide-bg\" role=\"img\"><\/div><div class=\"swiper-slide-inner\" ><div class=\"swiper-slide-contents\"><\/div><\/div><\/div>\t\t\t\t<\/div>\n\t\t\t\t\t\t\t\t\t\t\t\t\t\t\t<div class=\"elementor-swiper-button elementor-swiper-button-prev\" role=\"button\" tabindex=\"0\" aria-label=\"Vorheriger Slide\">\n\t\t\t\t\t\t\t<svg aria-hidden=\"true\" class=\"e-font-icon-svg e-eicon-chevron-left\" viewBox=\"0 0 1000 1000\" xmlns=\"http:\/\/www.w3.org\/2000\/svg\"><path d=\"M646 125C629 125 613 133 604 142L308 442C296 454 292 471 292 487 292 504 296 521 308 533L604 854C617 867 629 875 646 875 663 875 679 871 692 858 704 846 713 829 713 812 713 796 708 779 692 767L438 487 692 225C700 217 708 204 708 187 708 171 704 154 692 142 675 129 663 125 646 125Z\"><\/path><\/svg>\t\t\t\t\t\t<\/div>\n\t\t\t\t\t\t<div class=\"elementor-swiper-button elementor-swiper-button-next\" role=\"button\" tabindex=\"0\" aria-label=\"N\u00e4chster Slide\">\n\t\t\t\t\t\t\t<svg aria-hidden=\"true\" class=\"e-font-icon-svg e-eicon-chevron-right\" viewBox=\"0 0 1000 1000\" xmlns=\"http:\/\/www.w3.org\/2000\/svg\"><path d=\"M696 533C708 521 713 504 713 487 713 471 708 454 696 446L400 146C388 133 375 125 354 125 338 125 325 129 313 142 300 154 292 171 292 187 292 204 296 221 308 233L563 492 304 771C292 783 288 800 288 817 288 833 296 850 308 863 321 871 338 875 354 875 371 875 388 867 400 854L696 533Z\"><\/path><\/svg>\t\t\t\t\t\t<\/div>\n\t\t\t\t\t\t\t\t\t\t\t\t\t\t\t\t<div class=\"swiper-pagination\"><\/div>\n\t\t\t\t\t\t\t\t\t\t\t\t<\/div>\n\t\t\t\t\t\t\t\t<\/div>\n\t\t\t\t<\/div>\n\t\t<div class=\"elementor-element elementor-element-75d6598 e-flex e-con-boxed e-con e-parent\" data-id=\"75d6598\" data-element_type=\"container\">\n\t\t\t\t\t<div class=\"e-con-inner\">\n\t\t\t\t<div class=\"elementor-element elementor-element-ec10449 line elementor-widget elementor-widget-heading\" data-id=\"ec10449\" data-element_type=\"widget\" data-widget_type=\"heading.default\">\n\t\t\t\t\t<h1 class=\"elementor-heading-title elementor-size-default\">Die Umgebung von Waldeck<\/h1>\t\t\t\t<\/div>\n\t\t\t\t<div class=\"elementor-element elementor-element-19bfa70 elementor-widget elementor-widget-text-editor\" data-id=\"19bfa70\" data-element_type=\"widget\" data-widget_type=\"text-editor.default\">\n\t\t\t\t\t\t\t\t\t<h4 class=\"modulePretext center\">Was kann man in Waldeck und Umgebung machen?<\/h4><p>Waldeck und Umgebung sind sehr beliebt bei Naturliebhaber, Wanderer und Radfahrer. Von dem Apartment aus gelangen Sie sofort in den Wald und k\u00f6nnen Sie verschiedene Wanderrouten in Richtung Stausee oder Schloss folgen. Auf den Wanderwegen gibt es mehrere Aussichtspunkte auf den sch\u00f6nen Edersee. Der erste Aussichtspunkt befindet sich schon in drei Minuten Abstand unserer Ferienwohnung.<\/p><p>F\u00fcr Golfliebhaber gibt es einen Golfplatz in Waldeck.<\/p><p>In Hemfurt (10 Minuten Fahrt) ist Hemfurt Wildtierpark Edersee (mit Tieren aus der Gegend) und Tree op walk ist ein Geheimtipp.<br \/>Tipp: Sie k\u00f6nnen sich ein Kombiticket f\u00fcr diese beiden Ausflugsziele kaufen.<\/p><p>Lieben Sie Burgen, da sind Schloss Waldeck und Bad Arolsen ein Besuch wert.<\/p><p>Die Edertalsperre ist eine gro\u00dfe Talsperre im Edersee.<\/p><p>F\u00fcr Sportliche: Sie k\u00f6nnen tauchen, schwimmen, Boot fahren oder angeln im Edersee.<br \/>Oder fahren Sie mit dem Fahrrad eine der sch\u00f6nen Fahrradstrecken. Beachten Sie, es ist besonders bergig (in der N\u00e4he ist ein Fahrradverleih mit E-Bikes im Angebot).<\/p><p>Sie haben viele M\u00f6glichkeiten f\u00fcr Nordic Walking. Die Route f\u00e4ngt vor der T\u00fcr an.<\/p><p>Es gibt viele Ausflugslokale in der Region Edersee.<\/p><p>Zum Bummeln fahren Sie in die St\u00e4dte Kassel (45 Minuten) und Korbach (20 Minuten). Besuchen Sie auch die Stadt Fritzlar mit einer sch\u00f6nen Stadtmauer und mittelalterlichen Monumenten (20 Minuten).<\/p><p>Der Bergpark Wilhelmsh\u00f6he (45 Minuten) ist bekannt f\u00fcr seinen langen Wasserfall und f\u00fcr den Herkules, der \u00fcber ganz Kassel &#8218;guckt&#8216;. Vom 1. Mai bis zum 3. Oktober kann man ab 14.30 die wundersch\u00f6nen Wasserspiele erleben.<\/p>\t\t\t\t\t\t\t\t<\/div>\n\t\t\t\t<div class=\"elementor-element elementor-element-533aece elementor-widget elementor-widget-gallery\" data-id=\"533aece\" data-element_type=\"widget\" data-settings=\"{&quot;columns&quot;:3,&quot;gap&quot;:{&quot;unit&quot;:&quot;px&quot;,&quot;size&quot;:30,&quot;sizes&quot;:[]},&quot;columns_tablet&quot;:3,&quot;columns_mobile&quot;:2,&quot;lazyload&quot;:&quot;yes&quot;,&quot;gallery_layout&quot;:&quot;grid&quot;,&quot;gap_tablet&quot;:{&quot;unit&quot;:&quot;px&quot;,&quot;size&quot;:10,&quot;sizes&quot;:[]},&quot;gap_mobile&quot;:{&quot;unit&quot;:&quot;px&quot;,&quot;size&quot;:10,&quot;sizes&quot;:[]},&quot;link_to&quot;:&quot;file&quot;,&quot;aspect_ratio&quot;:&quot;3:2&quot;,&quot;overlay_background&quot;:&quot;yes&quot;,&quot;content_hover_animation&quot;:&quot;fade-in&quot;}\" data-widget_type=\"gallery.default\">\n\t\t\t\t\t\t\t<div class=\"elementor-gallery__container\">\n\t\t\t\t\t\t\t<a class=\"e-gallery-item elementor-gallery-item elementor-animated-content\" href=\"https:\/\/www.waldeckviachris.com\/wp-content\/uploads\/2025\/03\/20250223_123538-scaled.jpg\" data-elementor-open-lightbox=\"yes\" data-elementor-lightbox-slideshow=\"533aece\" data-e-action-hash=\"#elementor-action%3Aaction%3Dlightbox%26settings%3DeyJpZCI6MTg4NywidXJsIjoiaHR0cHM6XC9cL3d3dy53YWxkZWNrdmlhY2hyaXMuY29tXC93cC1jb250ZW50XC91cGxvYWRzXC8yMDI1XC8wM1wvMjAyNTAyMjNfMTIzNTM4LXNjYWxlZC5qcGciLCJzbGlkZXNob3ciOiI1MzNhZWNlIn0%3D\">\n\t\t\t\t\t<div class=\"e-gallery-image elementor-gallery-item__image\" data-thumbnail=\"https:\/\/www.waldeckviachris.com\/wp-content\/uploads\/2025\/03\/20250223_123538-768x346.jpg\" data-width=\"768\" data-height=\"346\" aria-label=\"\" role=\"img\" ><\/div>\n\t\t\t\t\t\t\t\t\t\t\t<div class=\"elementor-gallery-item__overlay\"><\/div>\n\t\t\t\t\t\t\t\t\t\t\t\t\t\t<\/a>\n\t\t\t\t\t\t\t<a class=\"e-gallery-item elementor-gallery-item elementor-animated-content\" href=\"https:\/\/www.waldeckviachris.com\/wp-content\/uploads\/2025\/03\/20250309_195907-scaled.jpg\" data-elementor-open-lightbox=\"yes\" data-elementor-lightbox-slideshow=\"533aece\" data-e-action-hash=\"#elementor-action%3Aaction%3Dlightbox%26settings%3DeyJpZCI6MTg5NywidXJsIjoiaHR0cHM6XC9cL3d3dy53YWxkZWNrdmlhY2hyaXMuY29tXC93cC1jb250ZW50XC91cGxvYWRzXC8yMDI1XC8wM1wvMjAyNTAzMDlfMTk1OTA3LXNjYWxlZC5qcGciLCJzbGlkZXNob3ciOiI1MzNhZWNlIn0%3D\">\n\t\t\t\t\t<div class=\"e-gallery-image elementor-gallery-item__image\" data-thumbnail=\"https:\/\/www.waldeckviachris.com\/wp-content\/uploads\/2025\/03\/20250309_195907-768x768.jpg\" data-width=\"768\" data-height=\"768\" aria-label=\"\" role=\"img\" ><\/div>\n\t\t\t\t\t\t\t\t\t\t\t<div class=\"elementor-gallery-item__overlay\"><\/div>\n\t\t\t\t\t\t\t\t\t\t\t\t\t\t<\/a>\n\t\t\t\t\t\t\t<a class=\"e-gallery-item elementor-gallery-item elementor-animated-content\" href=\"https:\/\/www.waldeckviachris.com\/wp-content\/uploads\/2025\/03\/20250225_143208-1-scaled.jpg\" data-elementor-open-lightbox=\"yes\" data-elementor-lightbox-slideshow=\"533aece\" data-e-action-hash=\"#elementor-action%3Aaction%3Dlightbox%26settings%3DeyJpZCI6MTkyMywidXJsIjoiaHR0cHM6XC9cL3d3dy53YWxkZWNrdmlhY2hyaXMuY29tXC93cC1jb250ZW50XC91cGxvYWRzXC8yMDI1XC8wM1wvMjAyNTAyMjVfMTQzMjA4LTEtc2NhbGVkLmpwZyIsInNsaWRlc2hvdyI6IjUzM2FlY2UifQ%3D%3D\">\n\t\t\t\t\t<div class=\"e-gallery-image elementor-gallery-item__image\" data-thumbnail=\"https:\/\/www.waldeckviachris.com\/wp-content\/uploads\/2025\/03\/20250225_143208-1-768x346.jpg\" data-width=\"768\" data-height=\"346\" aria-label=\"20250225 143208\" role=\"img\" ><\/div>\n\t\t\t\t\t\t\t\t\t\t\t<div class=\"elementor-gallery-item__overlay\"><\/div>\n\t\t\t\t\t\t\t\t\t\t\t\t\t\t<\/a>\n\t\t\t\t\t\t\t<a class=\"e-gallery-item elementor-gallery-item elementor-animated-content\" href=\"https:\/\/www.waldeckviachris.com\/wp-content\/uploads\/2025\/03\/20250225_143250-1-scaled.jpg\" data-elementor-open-lightbox=\"yes\" data-elementor-lightbox-slideshow=\"533aece\" data-e-action-hash=\"#elementor-action%3Aaction%3Dlightbox%26settings%3DeyJpZCI6MTkyNSwidXJsIjoiaHR0cHM6XC9cL3d3dy53YWxkZWNrdmlhY2hyaXMuY29tXC93cC1jb250ZW50XC91cGxvYWRzXC8yMDI1XC8wM1wvMjAyNTAyMjVfMTQzMjUwLTEtc2NhbGVkLmpwZyIsInNsaWRlc2hvdyI6IjUzM2FlY2UifQ%3D%3D\">\n\t\t\t\t\t<div class=\"e-gallery-image elementor-gallery-item__image\" data-thumbnail=\"https:\/\/www.waldeckviachris.com\/wp-content\/uploads\/2025\/03\/20250225_143250-1-768x346.jpg\" data-width=\"768\" data-height=\"346\" aria-label=\"20250225 143250\" role=\"img\" ><\/div>\n\t\t\t\t\t\t\t\t\t\t\t<div class=\"elementor-gallery-item__overlay\"><\/div>\n\t\t\t\t\t\t\t\t\t\t\t\t\t\t<\/a>\n\t\t\t\t\t\t\t<a class=\"e-gallery-item elementor-gallery-item elementor-animated-content\" href=\"https:\/\/www.waldeckviachris.com\/wp-content\/uploads\/2025\/03\/20220725_101958-1-scaled.jpg\" data-elementor-open-lightbox=\"yes\" data-elementor-lightbox-slideshow=\"533aece\" data-e-action-hash=\"#elementor-action%3Aaction%3Dlightbox%26settings%3DeyJpZCI6MTkzMiwidXJsIjoiaHR0cHM6XC9cL3d3dy53YWxkZWNrdmlhY2hyaXMuY29tXC93cC1jb250ZW50XC91cGxvYWRzXC8yMDI1XC8wM1wvMjAyMjA3MjVfMTAxOTU4LTEtc2NhbGVkLmpwZyIsInNsaWRlc2hvdyI6IjUzM2FlY2UifQ%3D%3D\">\n\t\t\t\t\t<div class=\"e-gallery-image elementor-gallery-item__image\" data-thumbnail=\"https:\/\/www.waldeckviachris.com\/wp-content\/uploads\/2025\/03\/20220725_101958-1-768x1024.jpg\" data-width=\"768\" data-height=\"1024\" aria-label=\"20220725 101958\" role=\"img\" ><\/div>\n\t\t\t\t\t\t\t\t\t\t\t<div class=\"elementor-gallery-item__overlay\"><\/div>\n\t\t\t\t\t\t\t\t\t\t\t\t\t\t<\/a>\n\t\t\t\t\t\t\t<a class=\"e-gallery-item elementor-gallery-item elementor-animated-content\" href=\"https:\/\/www.waldeckviachris.com\/wp-content\/uploads\/2025\/01\/Vakantiewoning-Waldeck-7.png\" data-elementor-open-lightbox=\"yes\" data-elementor-lightbox-slideshow=\"533aece\" data-e-action-hash=\"#elementor-action%3Aaction%3Dlightbox%26settings%3DeyJpZCI6MTgxMywidXJsIjoiaHR0cHM6XC9cL3d3dy53YWxkZWNrdmlhY2hyaXMuY29tXC93cC1jb250ZW50XC91cGxvYWRzXC8yMDI1XC8wMVwvVmFrYW50aWV3b25pbmctV2FsZGVjay03LnBuZyIsInNsaWRlc2hvdyI6IjUzM2FlY2UifQ%3D%3D\">\n\t\t\t\t\t<div class=\"e-gallery-image elementor-gallery-item__image\" data-thumbnail=\"https:\/\/www.waldeckviachris.com\/wp-content\/uploads\/2025\/01\/Vakantiewoning-Waldeck-7-768x570.png\" data-width=\"768\" data-height=\"570\" aria-label=\"\" role=\"img\" ><\/div>\n\t\t\t\t\t\t\t\t\t\t\t<div class=\"elementor-gallery-item__overlay\"><\/div>\n\t\t\t\t\t\t\t\t\t\t\t\t\t\t<\/a>\n\t\t\t\t\t<\/div>\n\t\t\t\t\t<\/div>\n\t\t\t\t\t<\/div>\n\t\t\t\t<\/div>\n\t\t\t\t<\/div>\n\t\t","protected":false},"excerpt":{"rendered":"<p>Die Umgebung von Waldeck Was kann man in Waldeck und Umgebung machen? Waldeck und Umgebung sind sehr beliebt bei Naturliebhaber, Wanderer und Radfahrer. Von dem Apartment aus gelangen Sie sofort in den Wald und k\u00f6nnen Sie verschiedene Wanderrouten in Richtung Stausee oder Schloss folgen. Auf den Wanderwegen gibt es mehrere Aussichtspunkte auf den sch\u00f6nen Edersee. [&hellip;]<\/p>\n","protected":false},"author":1,"featured_media":14,"parent":0,"menu_order":0,"comment_status":"closed","ping_status":"closed","template":"","meta":{"inline_featured_image":false,"footnotes":""},"class_list":["post-1037","page","type-page","status-publish","has-post-thumbnail","hentry"],"yoast_head":"<!-- This site is optimized with the Yoast SEO plugin v27.6 - https:\/\/yoast.com\/product\/yoast-seo-wordpress\/ -->\n<title>Die Umgebung - Waldeck ViaChris<\/title>\n<meta name=\"description\" content=\"Waldeck und Umgebung sind sehr beliebt bei Naturliebhaber, Wanderer und Radfahrer. Von dem Apartment aus gelangen Sie sofort in den Wald und k\u00f6nnen Sie verschiedene Wanderrouten in Richtung Stausee oder Schloss folgen.\" \/>\n<meta name=\"robots\" content=\"index, follow, max-snippet:-1, max-image-preview:large, max-video-preview:-1\" \/>\n<link rel=\"canonical\" href=\"https:\/\/www.waldeckviachris.com\/de\/die-umgebung\/\" \/>\n<meta property=\"og:locale\" content=\"de_DE\" \/>\n<meta property=\"og:type\" content=\"article\" \/>\n<meta property=\"og:title\" content=\"Die Umgebung - Waldeck ViaChris\" \/>\n<meta property=\"og:description\" content=\"Waldeck und Umgebung sind sehr beliebt bei Naturliebhaber, Wanderer und Radfahrer. Von dem Apartment aus gelangen Sie sofort in den Wald und k\u00f6nnen Sie verschiedene Wanderrouten in Richtung Stausee oder Schloss folgen.\" \/>\n<meta property=\"og:url\" content=\"https:\/\/www.waldeckviachris.com\/de\/die-umgebung\/\" \/>\n<meta property=\"og:site_name\" content=\"Waldeck ViaChris\" \/>\n<meta property=\"article:modified_time\" content=\"2025-03-22T17:04:32+00:00\" \/>\n<meta name=\"twitter:card\" content=\"summary_large_image\" \/>\n<meta name=\"twitter:label1\" content=\"Gesch\u00e4tzte Lesezeit\" \/>\n\t<meta name=\"twitter:data1\" content=\"2\u00a0Minuten\" \/>\n<script type=\"application\/ld+json\" class=\"yoast-schema-graph\">{\"@context\":\"https:\\\/\\\/schema.org\",\"@graph\":[{\"@type\":\"WebPage\",\"@id\":\"https:\\\/\\\/www.waldeckviachris.com\\\/de\\\/die-umgebung\\\/\",\"url\":\"https:\\\/\\\/www.waldeckviachris.com\\\/de\\\/die-umgebung\\\/\",\"name\":\"Die Umgebung - Waldeck ViaChris\",\"isPartOf\":{\"@id\":\"https:\\\/\\\/www.waldeckviachris.com\\\/#website\"},\"primaryImageOfPage\":{\"@id\":\"https:\\\/\\\/www.waldeckviachris.com\\\/de\\\/die-umgebung\\\/#primaryimage\"},\"image\":{\"@id\":\"https:\\\/\\\/www.waldeckviachris.com\\\/de\\\/die-umgebung\\\/#primaryimage\"},\"thumbnailUrl\":\"\",\"datePublished\":\"2024-11-20T02:51:02+00:00\",\"dateModified\":\"2025-03-22T17:04:32+00:00\",\"description\":\"Waldeck und Umgebung sind sehr beliebt bei Naturliebhaber, Wanderer und Radfahrer. Von dem Apartment aus gelangen Sie sofort in den Wald und k\u00f6nnen Sie verschiedene Wanderrouten in Richtung Stausee oder Schloss folgen.\",\"breadcrumb\":{\"@id\":\"https:\\\/\\\/www.waldeckviachris.com\\\/de\\\/die-umgebung\\\/#breadcrumb\"},\"inLanguage\":\"de\",\"potentialAction\":[{\"@type\":\"ReadAction\",\"target\":[\"https:\\\/\\\/www.waldeckviachris.com\\\/de\\\/die-umgebung\\\/\"]}]},{\"@type\":\"ImageObject\",\"inLanguage\":\"de\",\"@id\":\"https:\\\/\\\/www.waldeckviachris.com\\\/de\\\/die-umgebung\\\/#primaryimage\",\"url\":\"\",\"contentUrl\":\"\"},{\"@type\":\"BreadcrumbList\",\"@id\":\"https:\\\/\\\/www.waldeckviachris.com\\\/de\\\/die-umgebung\\\/#breadcrumb\",\"itemListElement\":[{\"@type\":\"ListItem\",\"position\":1,\"name\":\"Home\",\"item\":\"https:\\\/\\\/www.waldeckviachris.com\\\/de\\\/\"},{\"@type\":\"ListItem\",\"position\":2,\"name\":\"Die Umgebung\"}]},{\"@type\":\"WebSite\",\"@id\":\"https:\\\/\\\/www.waldeckviachris.com\\\/#website\",\"url\":\"https:\\\/\\\/www.waldeckviachris.com\\\/\",\"name\":\"Waldeck ViaChris\",\"description\":\"\",\"publisher\":{\"@id\":\"https:\\\/\\\/www.waldeckviachris.com\\\/#organization\"},\"potentialAction\":[{\"@type\":\"SearchAction\",\"target\":{\"@type\":\"EntryPoint\",\"urlTemplate\":\"https:\\\/\\\/www.waldeckviachris.com\\\/?s={search_term_string}\"},\"query-input\":{\"@type\":\"PropertyValueSpecification\",\"valueRequired\":true,\"valueName\":\"search_term_string\"}}],\"inLanguage\":\"de\"},{\"@type\":\"Organization\",\"@id\":\"https:\\\/\\\/www.waldeckviachris.com\\\/#organization\",\"name\":\"vakantiewoning Waldeck ViaChris\",\"url\":\"https:\\\/\\\/www.waldeckviachris.com\\\/\",\"logo\":{\"@type\":\"ImageObject\",\"inLanguage\":\"de\",\"@id\":\"https:\\\/\\\/www.waldeckviachris.com\\\/#\\\/schema\\\/logo\\\/image\\\/\",\"url\":\"https:\\\/\\\/www.waldeckviachris.com\\\/wp-content\\\/uploads\\\/2024\\\/11\\\/logo.png\",\"contentUrl\":\"https:\\\/\\\/www.waldeckviachris.com\\\/wp-content\\\/uploads\\\/2024\\\/11\\\/logo.png\",\"width\":312,\"height\":112,\"caption\":\"vakantiewoning Waldeck ViaChris\"},\"image\":{\"@id\":\"https:\\\/\\\/www.waldeckviachris.com\\\/#\\\/schema\\\/logo\\\/image\\\/\"}}]}<\/script>\n<!-- \/ Yoast SEO plugin. -->","yoast_head_json":{"title":"Die Umgebung - Waldeck ViaChris","description":"Waldeck und Umgebung sind sehr beliebt bei Naturliebhaber, Wanderer und Radfahrer. Von dem Apartment aus gelangen Sie sofort in den Wald und k\u00f6nnen Sie verschiedene Wanderrouten in Richtung Stausee oder Schloss folgen.","robots":{"index":"index","follow":"follow","max-snippet":"max-snippet:-1","max-image-preview":"max-image-preview:large","max-video-preview":"max-video-preview:-1"},"canonical":"https:\/\/www.waldeckviachris.com\/de\/die-umgebung\/","og_locale":"de_DE","og_type":"article","og_title":"Die Umgebung - Waldeck ViaChris","og_description":"Waldeck und Umgebung sind sehr beliebt bei Naturliebhaber, Wanderer und Radfahrer. Von dem Apartment aus gelangen Sie sofort in den Wald und k\u00f6nnen Sie verschiedene Wanderrouten in Richtung Stausee oder Schloss folgen.","og_url":"https:\/\/www.waldeckviachris.com\/de\/die-umgebung\/","og_site_name":"Waldeck ViaChris","article_modified_time":"2025-03-22T17:04:32+00:00","twitter_card":"summary_large_image","twitter_misc":{"Gesch\u00e4tzte Lesezeit":"2\u00a0Minuten"},"schema":{"@context":"https:\/\/schema.org","@graph":[{"@type":"WebPage","@id":"https:\/\/www.waldeckviachris.com\/de\/die-umgebung\/","url":"https:\/\/www.waldeckviachris.com\/de\/die-umgebung\/","name":"Die Umgebung - Waldeck ViaChris","isPartOf":{"@id":"https:\/\/www.waldeckviachris.com\/#website"},"primaryImageOfPage":{"@id":"https:\/\/www.waldeckviachris.com\/de\/die-umgebung\/#primaryimage"},"image":{"@id":"https:\/\/www.waldeckviachris.com\/de\/die-umgebung\/#primaryimage"},"thumbnailUrl":"","datePublished":"2024-11-20T02:51:02+00:00","dateModified":"2025-03-22T17:04:32+00:00","description":"Waldeck und Umgebung sind sehr beliebt bei Naturliebhaber, Wanderer und Radfahrer. Von dem Apartment aus gelangen Sie sofort in den Wald und k\u00f6nnen Sie verschiedene Wanderrouten in Richtung Stausee oder Schloss folgen.","breadcrumb":{"@id":"https:\/\/www.waldeckviachris.com\/de\/die-umgebung\/#breadcrumb"},"inLanguage":"de","potentialAction":[{"@type":"ReadAction","target":["https:\/\/www.waldeckviachris.com\/de\/die-umgebung\/"]}]},{"@type":"ImageObject","inLanguage":"de","@id":"https:\/\/www.waldeckviachris.com\/de\/die-umgebung\/#primaryimage","url":"","contentUrl":""},{"@type":"BreadcrumbList","@id":"https:\/\/www.waldeckviachris.com\/de\/die-umgebung\/#breadcrumb","itemListElement":[{"@type":"ListItem","position":1,"name":"Home","item":"https:\/\/www.waldeckviachris.com\/de\/"},{"@type":"ListItem","position":2,"name":"Die Umgebung"}]},{"@type":"WebSite","@id":"https:\/\/www.waldeckviachris.com\/#website","url":"https:\/\/www.waldeckviachris.com\/","name":"Waldeck ViaChris","description":"","publisher":{"@id":"https:\/\/www.waldeckviachris.com\/#organization"},"potentialAction":[{"@type":"SearchAction","target":{"@type":"EntryPoint","urlTemplate":"https:\/\/www.waldeckviachris.com\/?s={search_term_string}"},"query-input":{"@type":"PropertyValueSpecification","valueRequired":true,"valueName":"search_term_string"}}],"inLanguage":"de"},{"@type":"Organization","@id":"https:\/\/www.waldeckviachris.com\/#organization","name":"vakantiewoning Waldeck ViaChris","url":"https:\/\/www.waldeckviachris.com\/","logo":{"@type":"ImageObject","inLanguage":"de","@id":"https:\/\/www.waldeckviachris.com\/#\/schema\/logo\/image\/","url":"https:\/\/www.waldeckviachris.com\/wp-content\/uploads\/2024\/11\/logo.png","contentUrl":"https:\/\/www.waldeckviachris.com\/wp-content\/uploads\/2024\/11\/logo.png","width":312,"height":112,"caption":"vakantiewoning Waldeck ViaChris"},"image":{"@id":"https:\/\/www.waldeckviachris.com\/#\/schema\/logo\/image\/"}}]}},"_links":{"self":[{"href":"https:\/\/www.waldeckviachris.com\/de\/wp-json\/wp\/v2\/pages\/1037","targetHints":{"allow":["GET"]}}],"collection":[{"href":"https:\/\/www.waldeckviachris.com\/de\/wp-json\/wp\/v2\/pages"}],"about":[{"href":"https:\/\/www.waldeckviachris.com\/de\/wp-json\/wp\/v2\/types\/page"}],"author":[{"embeddable":true,"href":"https:\/\/www.waldeckviachris.com\/de\/wp-json\/wp\/v2\/users\/1"}],"replies":[{"embeddable":true,"href":"https:\/\/www.waldeckviachris.com\/de\/wp-json\/wp\/v2\/comments?post=1037"}],"version-history":[{"count":20,"href":"https:\/\/www.waldeckviachris.com\/de\/wp-json\/wp\/v2\/pages\/1037\/revisions"}],"predecessor-version":[{"id":1936,"href":"https:\/\/www.waldeckviachris.com\/de\/wp-json\/wp\/v2\/pages\/1037\/revisions\/1936"}],"wp:featuredmedia":[{"embeddable":true,"href":"https:\/\/www.waldeckviachris.com\/de\/wp-json\/"}],"wp:attachment":[{"href":"https:\/\/www.waldeckviachris.com\/de\/wp-json\/wp\/v2\/media?parent=1037"}],"curies":[{"name":"wp","href":"https:\/\/api.w.org\/{rel}","templated":true}]}}