{"id":1038,"date":"2024-11-20T02:48:16","date_gmt":"2024-11-20T02:48:16","guid":{"rendered":"https:\/\/www.waldeckviachris.com\/tarieven\/"},"modified":"2025-03-22T16:46:24","modified_gmt":"2025-03-22T16:46:24","slug":"preise","status":"publish","type":"page","link":"https:\/\/www.waldeckviachris.com\/de\/preise\/","title":{"rendered":"Preise"},"content":{"rendered":"\t\t<div data-elementor-type=\"wp-page\" data-elementor-id=\"1038\" class=\"elementor elementor-1038 elementor-874\" data-elementor-post-type=\"page\">\n\t\t\t\t<div class=\"elementor-element elementor-element-9cf9b80 e-con-full e-flex e-con e-parent\" data-id=\"9cf9b80\" data-element_type=\"container\">\n\t\t\t\t<div class=\"elementor-element elementor-element-544b2ca elementor--h-position-center elementor--v-position-middle elementor-arrows-position-inside elementor-pagination-position-inside elementor-widget elementor-widget-slides\" data-id=\"544b2ca\" data-element_type=\"widget\" data-settings=\"{&quot;navigation&quot;:&quot;both&quot;,&quot;autoplay&quot;:&quot;yes&quot;,&quot;pause_on_hover&quot;:&quot;yes&quot;,&quot;pause_on_interaction&quot;:&quot;yes&quot;,&quot;autoplay_speed&quot;:5000,&quot;infinite&quot;:&quot;yes&quot;,&quot;transition&quot;:&quot;slide&quot;,&quot;transition_speed&quot;:500}\" data-widget_type=\"slides.default\">\n\t\t\t\t\t\t\t\t\t\t<div class=\"elementor-slides-wrapper elementor-main-swiper swiper\" role=\"region\" aria-roledescription=\"carousel\" aria-label=\"Slides\" dir=\"ltr\" data-animation=\"fadeInUp\">\n\t\t\t\t<div class=\"swiper-wrapper elementor-slides\">\n\t\t\t\t\t\t\t\t\t\t<div class=\"elementor-repeater-item-da7e23c swiper-slide\" role=\"group\" aria-roledescription=\"slide\"><div class=\"swiper-slide-bg\" role=\"img\"><\/div><div class=\"swiper-slide-inner\" ><div class=\"swiper-slide-contents\"><\/div><\/div><\/div><div class=\"elementor-repeater-item-6152635 swiper-slide\" role=\"group\" aria-roledescription=\"slide\"><div class=\"swiper-slide-bg\" role=\"img\"><\/div><div class=\"swiper-slide-inner\" ><div class=\"swiper-slide-contents\"><\/div><\/div><\/div><div class=\"elementor-repeater-item-9c46134 swiper-slide\" role=\"group\" aria-roledescription=\"slide\"><div class=\"swiper-slide-bg\" role=\"img\"><\/div><div class=\"swiper-slide-inner\" ><div class=\"swiper-slide-contents\"><\/div><\/div><\/div>\t\t\t\t<\/div>\n\t\t\t\t\t\t\t\t\t\t\t\t\t\t\t<div class=\"elementor-swiper-button elementor-swiper-button-prev\" role=\"button\" tabindex=\"0\" aria-label=\"Vorheriger Slide\">\n\t\t\t\t\t\t\t<svg aria-hidden=\"true\" class=\"e-font-icon-svg e-eicon-chevron-left\" viewBox=\"0 0 1000 1000\" xmlns=\"http:\/\/www.w3.org\/2000\/svg\"><path d=\"M646 125C629 125 613 133 604 142L308 442C296 454 292 471 292 487 292 504 296 521 308 533L604 854C617 867 629 875 646 875 663 875 679 871 692 858 704 846 713 829 713 812 713 796 708 779 692 767L438 487 692 225C700 217 708 204 708 187 708 171 704 154 692 142 675 129 663 125 646 125Z\"><\/path><\/svg>\t\t\t\t\t\t<\/div>\n\t\t\t\t\t\t<div class=\"elementor-swiper-button elementor-swiper-button-next\" role=\"button\" tabindex=\"0\" aria-label=\"N\u00e4chster Slide\">\n\t\t\t\t\t\t\t<svg aria-hidden=\"true\" class=\"e-font-icon-svg e-eicon-chevron-right\" viewBox=\"0 0 1000 1000\" xmlns=\"http:\/\/www.w3.org\/2000\/svg\"><path d=\"M696 533C708 521 713 504 713 487 713 471 708 454 696 446L400 146C388 133 375 125 354 125 338 125 325 129 313 142 300 154 292 171 292 187 292 204 296 221 308 233L563 492 304 771C292 783 288 800 288 817 288 833 296 850 308 863 321 871 338 875 354 875 371 875 388 867 400 854L696 533Z\"><\/path><\/svg>\t\t\t\t\t\t<\/div>\n\t\t\t\t\t\t\t\t\t\t\t\t\t\t\t\t<div class=\"swiper-pagination\"><\/div>\n\t\t\t\t\t\t\t\t\t\t\t\t<\/div>\n\t\t\t\t\t\t\t\t<\/div>\n\t\t\t\t<\/div>\n\t\t<div class=\"elementor-element elementor-element-75d6598 e-flex e-con-boxed e-con e-parent\" data-id=\"75d6598\" data-element_type=\"container\">\n\t\t\t\t\t<div class=\"e-con-inner\">\n\t\t\t\t<div class=\"elementor-element elementor-element-ec10449 line elementor-widget elementor-widget-heading\" data-id=\"ec10449\" data-element_type=\"widget\" data-widget_type=\"heading.default\">\n\t\t\t\t\t<h1 class=\"elementor-heading-title elementor-size-default\">Preise Ferienwohnung<\/h1>\t\t\t\t<\/div>\n\t\t\t\t<div class=\"elementor-element elementor-element-19bfa70 elementor-widget elementor-widget-text-editor\" data-id=\"19bfa70\" data-element_type=\"widget\" data-widget_type=\"text-editor.default\">\n\t\t\t\t\t\t\t\t\t<p>\u00a0<\/p><h4>von 1. Januar bis zum 31. Dezember 2025<\/h4><p><strong>In den Monaten Juli und August sind Buchungen ab 3 N\u00e4chten nur m\u00f6glich<\/strong><\/p><p>\u20ac 130,00 pro Nacht<br \/>\u20ac 875,00 eine Woche<\/p><p>Miete der Ferienwohnung inklusive Bettw\u00e4sche, Handt\u00fccher, Geschirrt\u00fccher und Endreinigung.<br \/>Geschirr sp\u00fclen ist nicht inbegriffen. Auf Wunsch erledigen wir das f\u00fcr Sie, gegen Mehrpreis von \u20ac 25,-<\/p><p>Falls Sie mehr als 7 \u00dcbernachtungen gebucht haben, erfolgt in Absprache eine saubere Bettw\u00e4sche und Handt\u00fccher.<\/p><p>Kurtaxe \u20ac 1,-\u00a0 pro Person ab 15 Jahren pro Tag\u00a0 nicht im Preis inbegriffen.<\/p><p class=\"modulePretext center\"><strong>Optionen:<\/strong><\/p><p>Fr\u00fchst\u00fcck ab \u20ac 17,50 pro Person<\/p><p>Saunazeiten in Absprache<br \/>mindestens 2 Stunden \u20ac 35,00<br \/>jede weitere Stunde \u20ac\u00a010,00 (Zeiten in Absprache)<\/p><p>Keine Haustiere erlaubt, Nichtraucherwohnung.<\/p><p class=\"modulePretext center\">Ankunftszeit zwischen 15.00 und 20.00 Uhr.<br \/>Abfahrtzeit sp\u00e4testens um 11.00 Uhr.<\/p>\t\t\t\t\t\t\t\t<\/div>\n\t\t\t\t<div class=\"elementor-element elementor-element-f75643e elementor-widget elementor-widget-image\" data-id=\"f75643e\" data-element_type=\"widget\" data-widget_type=\"image.default\">\n\t\t\t\t\t\t\t\t\t\t\t\t\t\t\t<img fetchpriority=\"high\" decoding=\"async\" width=\"1116\" height=\"459\" src=\"https:\/\/www.waldeckviachris.com\/wp-content\/uploads\/2024\/11\/Slot_Waldeck_Duitsland.jpg\" class=\"attachment-full size-full wp-image-949\" alt=\"\" srcset=\"https:\/\/www.waldeckviachris.com\/wp-content\/uploads\/2024\/11\/Slot_Waldeck_Duitsland.jpg 1116w, https:\/\/www.waldeckviachris.com\/wp-content\/uploads\/2024\/11\/Slot_Waldeck_Duitsland-300x123.jpg 300w, https:\/\/www.waldeckviachris.com\/wp-content\/uploads\/2024\/11\/Slot_Waldeck_Duitsland-1024x421.jpg 1024w, https:\/\/www.waldeckviachris.com\/wp-content\/uploads\/2024\/11\/Slot_Waldeck_Duitsland-768x316.jpg 768w\" sizes=\"(max-width: 1116px) 100vw, 1116px\" \/>\t\t\t\t\t\t\t\t\t\t\t\t\t\t\t<\/div>\n\t\t\t\t\t<\/div>\n\t\t\t\t<\/div>\n\t\t\t\t<\/div>\n\t\t","protected":false},"excerpt":{"rendered":"<p>Preise Ferienwohnung \u00a0 von 1. Januar bis zum 31. Dezember 2025 In den Monaten Juli und August sind Buchungen ab 3 N\u00e4chten nur m\u00f6glich \u20ac 130,00 pro Nacht\u20ac 875,00 eine Woche Miete der Ferienwohnung inklusive Bettw\u00e4sche, Handt\u00fccher, Geschirrt\u00fccher und Endreinigung.Geschirr sp\u00fclen ist nicht inbegriffen. Auf Wunsch erledigen wir das f\u00fcr Sie, gegen Mehrpreis von \u20ac [&hellip;]<\/p>\n","protected":false},"author":1,"featured_media":14,"parent":0,"menu_order":0,"comment_status":"closed","ping_status":"closed","template":"","meta":{"inline_featured_image":false,"footnotes":""},"class_list":["post-1038","page","type-page","status-publish","has-post-thumbnail","hentry"],"yoast_head":"<!-- This site is optimized with the Yoast SEO plugin v27.6 - https:\/\/yoast.com\/product\/yoast-seo-wordpress\/ -->\n<title>Preise - Waldeck ViaChris<\/title>\n<meta name=\"description\" content=\"Miete der Ferienwohnung inklusive Bettw\u00e4sche, Handt\u00fccher, Geschirrt\u00fccher und Endreinigung.\" \/>\n<meta name=\"robots\" content=\"index, follow, max-snippet:-1, max-image-preview:large, max-video-preview:-1\" \/>\n<link rel=\"canonical\" href=\"https:\/\/www.waldeckviachris.com\/de\/preise\/\" \/>\n<meta property=\"og:locale\" content=\"de_DE\" \/>\n<meta property=\"og:type\" content=\"article\" \/>\n<meta property=\"og:title\" content=\"Preise - Waldeck ViaChris\" \/>\n<meta property=\"og:description\" content=\"Miete der Ferienwohnung inklusive Bettw\u00e4sche, Handt\u00fccher, Geschirrt\u00fccher und Endreinigung.\" \/>\n<meta property=\"og:url\" content=\"https:\/\/www.waldeckviachris.com\/de\/preise\/\" \/>\n<meta property=\"og:site_name\" content=\"Waldeck ViaChris\" \/>\n<meta property=\"article:modified_time\" content=\"2025-03-22T16:46:24+00:00\" \/>\n<meta name=\"twitter:card\" content=\"summary_large_image\" \/>\n<meta name=\"twitter:label1\" content=\"Gesch\u00e4tzte Lesezeit\" \/>\n\t<meta name=\"twitter:data1\" content=\"1\u00a0Minute\" \/>\n<script type=\"application\/ld+json\" class=\"yoast-schema-graph\">{\"@context\":\"https:\\\/\\\/schema.org\",\"@graph\":[{\"@type\":\"WebPage\",\"@id\":\"https:\\\/\\\/www.waldeckviachris.com\\\/de\\\/preise\\\/\",\"url\":\"https:\\\/\\\/www.waldeckviachris.com\\\/de\\\/preise\\\/\",\"name\":\"Preise - Waldeck ViaChris\",\"isPartOf\":{\"@id\":\"https:\\\/\\\/www.waldeckviachris.com\\\/#website\"},\"primaryImageOfPage\":{\"@id\":\"https:\\\/\\\/www.waldeckviachris.com\\\/de\\\/preise\\\/#primaryimage\"},\"image\":{\"@id\":\"https:\\\/\\\/www.waldeckviachris.com\\\/de\\\/preise\\\/#primaryimage\"},\"thumbnailUrl\":\"\",\"datePublished\":\"2024-11-20T02:48:16+00:00\",\"dateModified\":\"2025-03-22T16:46:24+00:00\",\"description\":\"Miete der Ferienwohnung inklusive Bettw\u00e4sche, Handt\u00fccher, Geschirrt\u00fccher und Endreinigung.\",\"breadcrumb\":{\"@id\":\"https:\\\/\\\/www.waldeckviachris.com\\\/de\\\/preise\\\/#breadcrumb\"},\"inLanguage\":\"de\",\"potentialAction\":[{\"@type\":\"ReadAction\",\"target\":[\"https:\\\/\\\/www.waldeckviachris.com\\\/de\\\/preise\\\/\"]}]},{\"@type\":\"ImageObject\",\"inLanguage\":\"de\",\"@id\":\"https:\\\/\\\/www.waldeckviachris.com\\\/de\\\/preise\\\/#primaryimage\",\"url\":\"\",\"contentUrl\":\"\"},{\"@type\":\"BreadcrumbList\",\"@id\":\"https:\\\/\\\/www.waldeckviachris.com\\\/de\\\/preise\\\/#breadcrumb\",\"itemListElement\":[{\"@type\":\"ListItem\",\"position\":1,\"name\":\"Home\",\"item\":\"https:\\\/\\\/www.waldeckviachris.com\\\/de\\\/\"},{\"@type\":\"ListItem\",\"position\":2,\"name\":\"Preise\"}]},{\"@type\":\"WebSite\",\"@id\":\"https:\\\/\\\/www.waldeckviachris.com\\\/#website\",\"url\":\"https:\\\/\\\/www.waldeckviachris.com\\\/\",\"name\":\"Waldeck ViaChris\",\"description\":\"\",\"publisher\":{\"@id\":\"https:\\\/\\\/www.waldeckviachris.com\\\/#organization\"},\"potentialAction\":[{\"@type\":\"SearchAction\",\"target\":{\"@type\":\"EntryPoint\",\"urlTemplate\":\"https:\\\/\\\/www.waldeckviachris.com\\\/?s={search_term_string}\"},\"query-input\":{\"@type\":\"PropertyValueSpecification\",\"valueRequired\":true,\"valueName\":\"search_term_string\"}}],\"inLanguage\":\"de\"},{\"@type\":\"Organization\",\"@id\":\"https:\\\/\\\/www.waldeckviachris.com\\\/#organization\",\"name\":\"vakantiewoning Waldeck ViaChris\",\"url\":\"https:\\\/\\\/www.waldeckviachris.com\\\/\",\"logo\":{\"@type\":\"ImageObject\",\"inLanguage\":\"de\",\"@id\":\"https:\\\/\\\/www.waldeckviachris.com\\\/#\\\/schema\\\/logo\\\/image\\\/\",\"url\":\"https:\\\/\\\/www.waldeckviachris.com\\\/wp-content\\\/uploads\\\/2024\\\/11\\\/logo.png\",\"contentUrl\":\"https:\\\/\\\/www.waldeckviachris.com\\\/wp-content\\\/uploads\\\/2024\\\/11\\\/logo.png\",\"width\":312,\"height\":112,\"caption\":\"vakantiewoning Waldeck ViaChris\"},\"image\":{\"@id\":\"https:\\\/\\\/www.waldeckviachris.com\\\/#\\\/schema\\\/logo\\\/image\\\/\"}}]}<\/script>\n<!-- \/ Yoast SEO plugin. -->","yoast_head_json":{"title":"Preise - Waldeck ViaChris","description":"Miete der Ferienwohnung inklusive Bettw\u00e4sche, Handt\u00fccher, Geschirrt\u00fccher und Endreinigung.","robots":{"index":"index","follow":"follow","max-snippet":"max-snippet:-1","max-image-preview":"max-image-preview:large","max-video-preview":"max-video-preview:-1"},"canonical":"https:\/\/www.waldeckviachris.com\/de\/preise\/","og_locale":"de_DE","og_type":"article","og_title":"Preise - Waldeck ViaChris","og_description":"Miete der Ferienwohnung inklusive Bettw\u00e4sche, Handt\u00fccher, Geschirrt\u00fccher und Endreinigung.","og_url":"https:\/\/www.waldeckviachris.com\/de\/preise\/","og_site_name":"Waldeck ViaChris","article_modified_time":"2025-03-22T16:46:24+00:00","twitter_card":"summary_large_image","twitter_misc":{"Gesch\u00e4tzte Lesezeit":"1\u00a0Minute"},"schema":{"@context":"https:\/\/schema.org","@graph":[{"@type":"WebPage","@id":"https:\/\/www.waldeckviachris.com\/de\/preise\/","url":"https:\/\/www.waldeckviachris.com\/de\/preise\/","name":"Preise - Waldeck ViaChris","isPartOf":{"@id":"https:\/\/www.waldeckviachris.com\/#website"},"primaryImageOfPage":{"@id":"https:\/\/www.waldeckviachris.com\/de\/preise\/#primaryimage"},"image":{"@id":"https:\/\/www.waldeckviachris.com\/de\/preise\/#primaryimage"},"thumbnailUrl":"","datePublished":"2024-11-20T02:48:16+00:00","dateModified":"2025-03-22T16:46:24+00:00","description":"Miete der Ferienwohnung inklusive Bettw\u00e4sche, Handt\u00fccher, Geschirrt\u00fccher und Endreinigung.","breadcrumb":{"@id":"https:\/\/www.waldeckviachris.com\/de\/preise\/#breadcrumb"},"inLanguage":"de","potentialAction":[{"@type":"ReadAction","target":["https:\/\/www.waldeckviachris.com\/de\/preise\/"]}]},{"@type":"ImageObject","inLanguage":"de","@id":"https:\/\/www.waldeckviachris.com\/de\/preise\/#primaryimage","url":"","contentUrl":""},{"@type":"BreadcrumbList","@id":"https:\/\/www.waldeckviachris.com\/de\/preise\/#breadcrumb","itemListElement":[{"@type":"ListItem","position":1,"name":"Home","item":"https:\/\/www.waldeckviachris.com\/de\/"},{"@type":"ListItem","position":2,"name":"Preise"}]},{"@type":"WebSite","@id":"https:\/\/www.waldeckviachris.com\/#website","url":"https:\/\/www.waldeckviachris.com\/","name":"Waldeck ViaChris","description":"","publisher":{"@id":"https:\/\/www.waldeckviachris.com\/#organization"},"potentialAction":[{"@type":"SearchAction","target":{"@type":"EntryPoint","urlTemplate":"https:\/\/www.waldeckviachris.com\/?s={search_term_string}"},"query-input":{"@type":"PropertyValueSpecification","valueRequired":true,"valueName":"search_term_string"}}],"inLanguage":"de"},{"@type":"Organization","@id":"https:\/\/www.waldeckviachris.com\/#organization","name":"vakantiewoning Waldeck ViaChris","url":"https:\/\/www.waldeckviachris.com\/","logo":{"@type":"ImageObject","inLanguage":"de","@id":"https:\/\/www.waldeckviachris.com\/#\/schema\/logo\/image\/","url":"https:\/\/www.waldeckviachris.com\/wp-content\/uploads\/2024\/11\/logo.png","contentUrl":"https:\/\/www.waldeckviachris.com\/wp-content\/uploads\/2024\/11\/logo.png","width":312,"height":112,"caption":"vakantiewoning Waldeck ViaChris"},"image":{"@id":"https:\/\/www.waldeckviachris.com\/#\/schema\/logo\/image\/"}}]}},"_links":{"self":[{"href":"https:\/\/www.waldeckviachris.com\/de\/wp-json\/wp\/v2\/pages\/1038","targetHints":{"allow":["GET"]}}],"collection":[{"href":"https:\/\/www.waldeckviachris.com\/de\/wp-json\/wp\/v2\/pages"}],"about":[{"href":"https:\/\/www.waldeckviachris.com\/de\/wp-json\/wp\/v2\/types\/page"}],"author":[{"embeddable":true,"href":"https:\/\/www.waldeckviachris.com\/de\/wp-json\/wp\/v2\/users\/1"}],"replies":[{"embeddable":true,"href":"https:\/\/www.waldeckviachris.com\/de\/wp-json\/wp\/v2\/comments?post=1038"}],"version-history":[{"count":23,"href":"https:\/\/www.waldeckviachris.com\/de\/wp-json\/wp\/v2\/pages\/1038\/revisions"}],"predecessor-version":[{"id":1915,"href":"https:\/\/www.waldeckviachris.com\/de\/wp-json\/wp\/v2\/pages\/1038\/revisions\/1915"}],"wp:featuredmedia":[{"embeddable":true,"href":"https:\/\/www.waldeckviachris.com\/de\/wp-json\/"}],"wp:attachment":[{"href":"https:\/\/www.waldeckviachris.com\/de\/wp-json\/wp\/v2\/media?parent=1038"}],"curies":[{"name":"wp","href":"https:\/\/api.w.org\/{rel}","templated":true}]}}