{"id":1039,"date":"2024-11-20T02:42:06","date_gmt":"2024-11-20T02:42:06","guid":{"rendered":"https:\/\/www.waldeckviachris.com\/over-waldeck-viachris\/"},"modified":"2025-02-17T20:00:20","modified_gmt":"2025-02-17T20:00:20","slug":"ueber-waldeck-viachris","status":"publish","type":"page","link":"https:\/\/www.waldeckviachris.com\/de\/ueber-waldeck-viachris\/","title":{"rendered":"\u00dcber Waldeck ViaChris"},"content":{"rendered":"\t\t<div data-elementor-type=\"wp-page\" data-elementor-id=\"1039\" class=\"elementor elementor-1039 elementor-851\" data-elementor-post-type=\"page\">\n\t\t\t\t<div class=\"elementor-element elementor-element-9cf9b80 e-con-full e-flex e-con e-parent\" data-id=\"9cf9b80\" data-element_type=\"container\">\n\t\t\t\t<div class=\"elementor-element elementor-element-544b2ca elementor--h-position-center elementor--v-position-middle elementor-arrows-position-inside elementor-pagination-position-inside elementor-widget elementor-widget-slides\" data-id=\"544b2ca\" data-element_type=\"widget\" data-settings=\"{&quot;navigation&quot;:&quot;both&quot;,&quot;autoplay&quot;:&quot;yes&quot;,&quot;pause_on_hover&quot;:&quot;yes&quot;,&quot;pause_on_interaction&quot;:&quot;yes&quot;,&quot;autoplay_speed&quot;:5000,&quot;infinite&quot;:&quot;yes&quot;,&quot;transition&quot;:&quot;slide&quot;,&quot;transition_speed&quot;:500}\" data-widget_type=\"slides.default\">\n\t\t\t\t\t\t\t\t\t\t<div class=\"elementor-slides-wrapper elementor-main-swiper swiper\" role=\"region\" aria-roledescription=\"carousel\" aria-label=\"Slider\" dir=\"ltr\" data-animation=\"fadeInUp\">\n\t\t\t\t<div class=\"swiper-wrapper elementor-slides\">\n\t\t\t\t\t\t\t\t\t\t<div class=\"elementor-repeater-item-da7e23c swiper-slide\" role=\"group\" aria-roledescription=\"slide\"><div class=\"swiper-slide-bg\" role=\"img\"><\/div><div class=\"swiper-slide-inner\" ><div class=\"swiper-slide-contents\"><\/div><\/div><\/div><div class=\"elementor-repeater-item-4789c27 swiper-slide\" role=\"group\" aria-roledescription=\"slide\"><div class=\"swiper-slide-bg\" role=\"img\"><\/div><div class=\"swiper-slide-inner\" ><div class=\"swiper-slide-contents\"><\/div><\/div><\/div><div class=\"elementor-repeater-item-63ef0dd swiper-slide\" role=\"group\" aria-roledescription=\"slide\"><div class=\"swiper-slide-bg\" role=\"img\"><\/div><div class=\"swiper-slide-inner\" ><div class=\"swiper-slide-contents\"><\/div><\/div><\/div>\t\t\t\t<\/div>\n\t\t\t\t\t\t\t\t\t\t\t\t\t\t\t<div class=\"elementor-swiper-button elementor-swiper-button-prev\" role=\"button\" tabindex=\"0\" aria-label=\"Vorheriger Slide\">\n\t\t\t\t\t\t\t<svg aria-hidden=\"true\" class=\"e-font-icon-svg e-eicon-chevron-left\" viewBox=\"0 0 1000 1000\" xmlns=\"http:\/\/www.w3.org\/2000\/svg\"><path d=\"M646 125C629 125 613 133 604 142L308 442C296 454 292 471 292 487 292 504 296 521 308 533L604 854C617 867 629 875 646 875 663 875 679 871 692 858 704 846 713 829 713 812 713 796 708 779 692 767L438 487 692 225C700 217 708 204 708 187 708 171 704 154 692 142 675 129 663 125 646 125Z\"><\/path><\/svg>\t\t\t\t\t\t<\/div>\n\t\t\t\t\t\t<div class=\"elementor-swiper-button elementor-swiper-button-next\" role=\"button\" tabindex=\"0\" aria-label=\"N\u00e4chster Slide\">\n\t\t\t\t\t\t\t<svg aria-hidden=\"true\" class=\"e-font-icon-svg e-eicon-chevron-right\" viewBox=\"0 0 1000 1000\" xmlns=\"http:\/\/www.w3.org\/2000\/svg\"><path d=\"M696 533C708 521 713 504 713 487 713 471 708 454 696 446L400 146C388 133 375 125 354 125 338 125 325 129 313 142 300 154 292 171 292 187 292 204 296 221 308 233L563 492 304 771C292 783 288 800 288 817 288 833 296 850 308 863 321 871 338 875 354 875 371 875 388 867 400 854L696 533Z\"><\/path><\/svg>\t\t\t\t\t\t<\/div>\n\t\t\t\t\t\t\t\t\t\t\t\t\t\t\t\t<div class=\"swiper-pagination\"><\/div>\n\t\t\t\t\t\t\t\t\t\t\t\t<\/div>\n\t\t\t\t\t\t\t\t<\/div>\n\t\t\t\t<\/div>\n\t\t<div class=\"elementor-element elementor-element-75d6598 e-flex e-con-boxed e-con e-parent\" data-id=\"75d6598\" data-element_type=\"container\">\n\t\t\t\t\t<div class=\"e-con-inner\">\n\t\t\t\t<div class=\"elementor-element elementor-element-ec10449 line elementor-widget elementor-widget-heading\" data-id=\"ec10449\" data-element_type=\"widget\" data-widget_type=\"heading.default\">\n\t\t\t\t\t<h1 class=\"elementor-heading-title elementor-size-default\">Waldeck viaChris<\/h1>\t\t\t\t<\/div>\n\t\t\t\t<div class=\"elementor-element elementor-element-19bfa70 elementor-widget elementor-widget-text-editor\" data-id=\"19bfa70\" data-element_type=\"widget\" data-widget_type=\"text-editor.default\">\n\t\t\t\t\t\t\t\t\t<p class=\"modulePretext center\">In der wundersch\u00f6nen Natur von Waldeck befindet sich unsere Ferienwohnung. Hier kommen Sie zur Ruhe. In der Ferienwohnung (ca. 60 qm) ist Platz f\u00fcr 2 bis 4 Personen.<\/p><p class=\"modulePretext center\">Die Ferienwohnung verf\u00fcgt \u00fcber einen eigenen Eingang, Sie treten ein in den Flur. \u00dcber den Flur gelangen Sie in den Wohnbereich, wo sich auch die offene K\u00fcche mit Geschirrsp\u00fcler befindet. Im Bad sind eine Badewanne, ein Waschbecken und eine Toilette. Das Schlafzimmer verf\u00fcgt \u00fcber ein verstellbares Doppelbett und einen ger\u00e4umigen Kleiderschrank. Das Sofa im Wohnzimmer kann man als Doppelbett benutzen. Drau\u00dfen ist eine gro\u00dfe Terrasse, wo Sie sich aufhalten und die Aussicht und die sch\u00f6ne Umgebung genie\u00dfen k\u00f6nnen.<\/p><ul><li class=\"modulePretext center\">Bad mit Badewanne, Waschbecken und Toilette<\/li><li class=\"modulePretext center\">Vollst\u00e4ndig eingerichtete offene K\u00fcche mit Geschirrsp\u00fcler<\/li><li class=\"modulePretext center\">Separates Schlafzimmer mit Doppelbett<\/li><li class=\"modulePretext center\">ein ger\u00e4umiger Flur<\/li><li class=\"modulePretext center\">Wohnzimmer mit Schlafcouch f\u00fcr 2 Personen<\/li><li class=\"modulePretext center\">eigener Eingang<\/li><li class=\"modulePretext center\">gro\u00dfz\u00fcgige Terrasse mit wunderbarer Aussicht<\/li><\/ul><p class=\"modulePretext center\">\u00a0<\/p><p class=\"modulePretext center\">Wollen Sie sich extra verw\u00f6hnen lassen, dann versorgen wir Sie gegen Mehrpreis mit einem reichhaltigen Fr\u00fchst\u00fcck. Dazu gibt es diverse Br\u00f6tchen, w\u00fcrzigen und s\u00fc\u00dfen Brotbelag, Ei, Kaffee oder Tee und soweit verf\u00fcgbar frischgepressten Orangensaft..<br \/>\u00a0<br \/>Auch stellen wir Ihnen unser Sauna gegen Mehrpreis zur Verf\u00fcgung. Fragen Sie bitte nach den Bedingungen<\/p>\t\t\t\t\t\t\t\t<\/div>\n\t\t\t\t<div class=\"elementor-element elementor-element-1e507dd elementor-widget elementor-widget-image\" data-id=\"1e507dd\" data-element_type=\"widget\" data-widget_type=\"image.default\">\n\t\t\t\t\t\t\t\t\t\t\t\t\t\t\t<img decoding=\"async\" width=\"200\" height=\"168\" src=\"https:\/\/www.waldeckviachris.com\/wp-content\/uploads\/2024\/11\/natuurhuisje.png\" class=\"attachment-medium size-medium wp-image-952\" alt=\"\" \/>\t\t\t\t\t\t\t\t\t\t\t\t\t\t\t<\/div>\n\t\t\t\t<div class=\"elementor-element elementor-element-4b3d43a elementor-widget elementor-widget-gallery\" data-id=\"4b3d43a\" data-element_type=\"widget\" data-settings=\"{&quot;columns&quot;:3,&quot;gap&quot;:{&quot;unit&quot;:&quot;px&quot;,&quot;size&quot;:30,&quot;sizes&quot;:[]},&quot;columns_tablet&quot;:3,&quot;columns_mobile&quot;:2,&quot;lazyload&quot;:&quot;yes&quot;,&quot;gallery_layout&quot;:&quot;grid&quot;,&quot;gap_tablet&quot;:{&quot;unit&quot;:&quot;px&quot;,&quot;size&quot;:10,&quot;sizes&quot;:[]},&quot;gap_mobile&quot;:{&quot;unit&quot;:&quot;px&quot;,&quot;size&quot;:10,&quot;sizes&quot;:[]},&quot;link_to&quot;:&quot;file&quot;,&quot;aspect_ratio&quot;:&quot;3:2&quot;,&quot;overlay_background&quot;:&quot;yes&quot;,&quot;content_hover_animation&quot;:&quot;fade-in&quot;}\" data-widget_type=\"gallery.default\">\n\t\t\t\t\t\t\t<div class=\"elementor-gallery__container\">\n\t\t\t\t\t\t\t<a class=\"e-gallery-item elementor-gallery-item elementor-animated-content\" href=\"https:\/\/www.waldeckviachris.com\/wp-content\/uploads\/2025\/01\/0b1ad7a7b79268a1f4558db78e092446_M.jpg\" data-elementor-open-lightbox=\"yes\" data-elementor-lightbox-slideshow=\"4b3d43a\" data-e-action-hash=\"#elementor-action%3Aaction%3Dlightbox%26settings%3DeyJpZCI6MTgwMywidXJsIjoiaHR0cHM6XC9cL3d3dy53YWxkZWNrdmlhY2hyaXMuY29tXC93cC1jb250ZW50XC91cGxvYWRzXC8yMDI1XC8wMVwvMGIxYWQ3YTdiNzkyNjhhMWY0NTU4ZGI3OGUwOTI0NDZfTS5qcGciLCJzbGlkZXNob3ciOiI0YjNkNDNhIn0%3D\">\n\t\t\t\t\t<div class=\"e-gallery-image elementor-gallery-item__image\" data-thumbnail=\"https:\/\/www.waldeckviachris.com\/wp-content\/uploads\/2025\/01\/0b1ad7a7b79268a1f4558db78e092446_M.jpg\" data-width=\"570\" data-height=\"380\" aria-label=\"\" role=\"img\" ><\/div>\n\t\t\t\t\t\t\t\t\t\t\t<div class=\"elementor-gallery-item__overlay\"><\/div>\n\t\t\t\t\t\t\t\t\t\t\t\t\t\t<\/a>\n\t\t\t\t\t\t\t<a class=\"e-gallery-item elementor-gallery-item elementor-animated-content\" href=\"https:\/\/www.waldeckviachris.com\/wp-content\/uploads\/2025\/01\/f710044bf79a4b1f5d8b085e5e5d9711_M.jpg\" data-elementor-open-lightbox=\"yes\" data-elementor-lightbox-slideshow=\"4b3d43a\" data-e-action-hash=\"#elementor-action%3Aaction%3Dlightbox%26settings%3DeyJpZCI6MTgwNSwidXJsIjoiaHR0cHM6XC9cL3d3dy53YWxkZWNrdmlhY2hyaXMuY29tXC93cC1jb250ZW50XC91cGxvYWRzXC8yMDI1XC8wMVwvZjcxMDA0NGJmNzlhNGIxZjVkOGIwODVlNWU1ZDk3MTFfTS5qcGciLCJzbGlkZXNob3ciOiI0YjNkNDNhIn0%3D\">\n\t\t\t\t\t<div class=\"e-gallery-image elementor-gallery-item__image\" data-thumbnail=\"https:\/\/www.waldeckviachris.com\/wp-content\/uploads\/2025\/01\/f710044bf79a4b1f5d8b085e5e5d9711_M.jpg\" data-width=\"570\" data-height=\"380\" aria-label=\"\" role=\"img\" ><\/div>\n\t\t\t\t\t\t\t\t\t\t\t<div class=\"elementor-gallery-item__overlay\"><\/div>\n\t\t\t\t\t\t\t\t\t\t\t\t\t\t<\/a>\n\t\t\t\t\t\t\t<a class=\"e-gallery-item elementor-gallery-item elementor-animated-content\" href=\"https:\/\/www.waldeckviachris.com\/wp-content\/uploads\/2025\/01\/f7a0a54c92471ac4480e727e4ccf93df_M.jpg\" data-elementor-open-lightbox=\"yes\" data-elementor-lightbox-slideshow=\"4b3d43a\" data-e-action-hash=\"#elementor-action%3Aaction%3Dlightbox%26settings%3DeyJpZCI6MTgwNywidXJsIjoiaHR0cHM6XC9cL3d3dy53YWxkZWNrdmlhY2hyaXMuY29tXC93cC1jb250ZW50XC91cGxvYWRzXC8yMDI1XC8wMVwvZjdhMGE1NGM5MjQ3MWFjNDQ4MGU3MjdlNGNjZjkzZGZfTS5qcGciLCJzbGlkZXNob3ciOiI0YjNkNDNhIn0%3D\">\n\t\t\t\t\t<div class=\"e-gallery-image elementor-gallery-item__image\" data-thumbnail=\"https:\/\/www.waldeckviachris.com\/wp-content\/uploads\/2025\/01\/f7a0a54c92471ac4480e727e4ccf93df_M.jpg\" data-width=\"570\" data-height=\"380\" aria-label=\"\" role=\"img\" ><\/div>\n\t\t\t\t\t\t\t\t\t\t\t<div class=\"elementor-gallery-item__overlay\"><\/div>\n\t\t\t\t\t\t\t\t\t\t\t\t\t\t<\/a>\n\t\t\t\t\t\t\t<a class=\"e-gallery-item elementor-gallery-item elementor-animated-content\" href=\"https:\/\/www.waldeckviachris.com\/wp-content\/uploads\/2025\/01\/Vakantiewoning-Waldeck-16.png\" data-elementor-open-lightbox=\"yes\" data-elementor-lightbox-slideshow=\"4b3d43a\" data-e-action-hash=\"#elementor-action%3Aaction%3Dlightbox%26settings%3DeyJpZCI6MTgwOSwidXJsIjoiaHR0cHM6XC9cL3d3dy53YWxkZWNrdmlhY2hyaXMuY29tXC93cC1jb250ZW50XC91cGxvYWRzXC8yMDI1XC8wMVwvVmFrYW50aWV3b25pbmctV2FsZGVjay0xNi5wbmciLCJzbGlkZXNob3ciOiI0YjNkNDNhIn0%3D\">\n\t\t\t\t\t<div class=\"e-gallery-image elementor-gallery-item__image\" data-thumbnail=\"https:\/\/www.waldeckviachris.com\/wp-content\/uploads\/2025\/01\/Vakantiewoning-Waldeck-16-768x509.png\" data-width=\"768\" data-height=\"509\" aria-label=\"\" role=\"img\" ><\/div>\n\t\t\t\t\t\t\t\t\t\t\t<div class=\"elementor-gallery-item__overlay\"><\/div>\n\t\t\t\t\t\t\t\t\t\t\t\t\t\t<\/a>\n\t\t\t\t\t\t\t<a class=\"e-gallery-item elementor-gallery-item elementor-animated-content\" href=\"https:\/\/www.waldeckviachris.com\/wp-content\/uploads\/2025\/01\/39eee751af30032eeece2f48de2de4ba_M.jpg\" data-elementor-open-lightbox=\"yes\" data-elementor-lightbox-slideshow=\"4b3d43a\" data-e-action-hash=\"#elementor-action%3Aaction%3Dlightbox%26settings%3DeyJpZCI6MTgxMSwidXJsIjoiaHR0cHM6XC9cL3d3dy53YWxkZWNrdmlhY2hyaXMuY29tXC93cC1jb250ZW50XC91cGxvYWRzXC8yMDI1XC8wMVwvMzllZWU3NTFhZjMwMDMyZWVlY2UyZjQ4ZGUyZGU0YmFfTS5qcGciLCJzbGlkZXNob3ciOiI0YjNkNDNhIn0%3D\">\n\t\t\t\t\t<div class=\"e-gallery-image elementor-gallery-item__image\" data-thumbnail=\"https:\/\/www.waldeckviachris.com\/wp-content\/uploads\/2025\/01\/39eee751af30032eeece2f48de2de4ba_M.jpg\" data-width=\"570\" data-height=\"380\" aria-label=\"\" role=\"img\" ><\/div>\n\t\t\t\t\t\t\t\t\t\t\t<div class=\"elementor-gallery-item__overlay\"><\/div>\n\t\t\t\t\t\t\t\t\t\t\t\t\t\t<\/a>\n\t\t\t\t\t\t\t<a class=\"e-gallery-item elementor-gallery-item elementor-animated-content\" href=\"https:\/\/www.waldeckviachris.com\/wp-content\/uploads\/2025\/01\/Vakantiewoning-Waldeck-7.png\" data-elementor-open-lightbox=\"yes\" data-elementor-lightbox-slideshow=\"4b3d43a\" data-e-action-hash=\"#elementor-action%3Aaction%3Dlightbox%26settings%3DeyJpZCI6MTgxMywidXJsIjoiaHR0cHM6XC9cL3d3dy53YWxkZWNrdmlhY2hyaXMuY29tXC93cC1jb250ZW50XC91cGxvYWRzXC8yMDI1XC8wMVwvVmFrYW50aWV3b25pbmctV2FsZGVjay03LnBuZyIsInNsaWRlc2hvdyI6IjRiM2Q0M2EifQ%3D%3D\">\n\t\t\t\t\t<div class=\"e-gallery-image elementor-gallery-item__image\" data-thumbnail=\"https:\/\/www.waldeckviachris.com\/wp-content\/uploads\/2025\/01\/Vakantiewoning-Waldeck-7-768x570.png\" data-width=\"768\" data-height=\"570\" aria-label=\"\" role=\"img\" ><\/div>\n\t\t\t\t\t\t\t\t\t\t\t<div class=\"elementor-gallery-item__overlay\"><\/div>\n\t\t\t\t\t\t\t\t\t\t\t\t\t\t<\/a>\n\t\t\t\t\t<\/div>\n\t\t\t\t\t<\/div>\n\t\t\t\t\t<\/div>\n\t\t\t\t<\/div>\n\t\t<div class=\"elementor-element elementor-element-a6700e7 e-flex e-con-boxed e-con e-parent\" data-id=\"a6700e7\" data-element_type=\"container\">\n\t\t\t\t\t<div class=\"e-con-inner\">\n\t\t\t\t<div class=\"elementor-element elementor-element-3d32560 line elementor-widget elementor-widget-heading\" data-id=\"3d32560\" data-element_type=\"widget\" data-widget_type=\"heading.default\">\n\t\t\t\t\t<h2 class=\"elementor-heading-title elementor-size-default\">Wer sind wir?\n<\/h2>\t\t\t\t<\/div>\n\t\t\t\t<div class=\"elementor-element elementor-element-0450bb3 elementor-widget elementor-widget-text-editor\" data-id=\"0450bb3\" data-element_type=\"widget\" data-widget_type=\"text-editor.default\">\n\t\t\t\t\t\t\t\t\t<p class=\"modulePretext center\">Wir, Sylvia, Chris haben das Ruder herumgeworfen. Das stressige Leben in den westlichen Niederlanden haben wir gegen die Ruhe auf dem Land in Deutschland getauscht. Wir haben unseren Traum im Tourismus t\u00e4tig zu werden, verwirklicht. Seit August 2021 haben wir einen neuen Mitbewohner. Hobbes, die Katze. Wohnung befindet sich am Rand des Waldes. Wir haben den Edersee zu unseren F\u00fc\u00dfen und den Blick auf Schloss Waldeck (Emma von Waldeck-Pyrmont). Es ist wunderbar hier zu leben und deshalb wollen wir Sie diesen besonderen Ort gerne zeigen. Wir w\u00fcnschen Ihnen viel Spa\u00df bei Ihrem Aufenthalt in Waldeck ViaChris.<\/p>\t\t\t\t\t\t\t\t<\/div>\n\t\t\t\t<div class=\"elementor-element elementor-element-807f189 elementor-widget elementor-widget-teams\" data-id=\"807f189\" data-element_type=\"widget\" data-widget_type=\"teams.default\">\n\t\t\t\t<div class=\"elementor-widget-container\">\n\t\t\t\t\t                    <div class=\"teams\">\n                                                        <div class=\"item\">\n                                                    <div class=\"img\">\n                                <img decoding=\"async\" src=\"https:\/\/www.waldeckviachris.com\/wp-content\/uploads\/2024\/11\/chris_en_sylvia.jpg\" alt=\"\">\n                            <\/div>\n                                                <h4>Sylvia & Chris<\/h4>\n                    <\/div>\n                                                        <div class=\"item\">\n                                                    <div class=\"img\">\n                                <img decoding=\"async\" src=\"https:\/\/www.waldeckviachris.com\/wp-content\/uploads\/2024\/11\/Chris.jpg\" alt=\"\">\n                            <\/div>\n                                                <h4>Chris de Ruiter<\/h4>\n                    <\/div>\n                                                        <div class=\"item\">\n                                                    <div class=\"img\">\n                                <img decoding=\"async\" src=\"https:\/\/www.waldeckviachris.com\/wp-content\/uploads\/2024\/11\/Image1-scaled.jpg\" alt=\"\">\n                            <\/div>\n                                                <h4>Sylvia de Ruiter<\/h4>\n                    <\/div>\n                                                        <div class=\"item\">\n                                                    <div class=\"img\">\n                                <img decoding=\"async\" src=\"https:\/\/www.waldeckviachris.com\/wp-content\/uploads\/2025\/01\/20250110_125222-Hobbes-boom-winter.jpg\" alt=\"\">\n                            <\/div>\n                                                <h4>Hobbes de kat<\/h4>\n                    <\/div>\n                            <\/div>\n        \n\t\t\t\t<\/div>\n\t\t\t\t<\/div>\n\t\t\t\t\t<\/div>\n\t\t\t\t<\/div>\n\t\t<div class=\"elementor-element elementor-element-f41deb0 e-flex e-con-boxed e-con e-parent\" data-id=\"f41deb0\" data-element_type=\"container\">\n\t\t\t\t\t<div class=\"e-con-inner\">\n\t\t\t\t\t<\/div>\n\t\t\t\t<\/div>\n\t\t\t\t<\/div>\n\t\t","protected":false},"excerpt":{"rendered":"<p>Vorige slide Volgende slide Waldeck viaChris In der wundersch\u00f6nen Natur von Waldeck befindet sich unsere Ferienwohnung. Hier kommen Sie zur Ruhe. In der Ferienwohnung (ca. 60 qm) ist Platz f\u00fcr 2 bis 4 Personen. Die Ferienwohnung verf\u00fcgt \u00fcber einen eigenen Eingang, Sie treten ein in den Flur. \u00dcber den Flur gelangen Sie in den Wohnbereich, [&hellip;]<\/p>\n","protected":false},"author":1,"featured_media":14,"parent":0,"menu_order":0,"comment_status":"closed","ping_status":"closed","template":"","meta":{"inline_featured_image":false,"footnotes":""},"class_list":["post-1039","page","type-page","status-publish","has-post-thumbnail","hentry"],"yoast_head":"<!-- This site is optimized with the Yoast SEO plugin v27.6 - https:\/\/yoast.com\/product\/yoast-seo-wordpress\/ -->\n<title>\u00dcber Waldeck ViaChris - Waldeck ViaChris<\/title>\n<meta name=\"description\" content=\"In der wundersch\u00f6nen Natur von Waldeck befindet sich unsere Ferienwohnung. Hier kommen Sie zur Ruhe. In der Ferienwohnung (ca. 60 qm) ist Platz f\u00fcr 2 bis 4 Personen.\" \/>\n<meta name=\"robots\" content=\"index, follow, max-snippet:-1, max-image-preview:large, max-video-preview:-1\" \/>\n<link rel=\"canonical\" href=\"https:\/\/www.waldeckviachris.com\/over-waldeck-viachris\/\" \/>\n<meta property=\"og:locale\" content=\"de_DE\" \/>\n<meta property=\"og:type\" content=\"article\" \/>\n<meta property=\"og:title\" content=\"\u00dcber Waldeck ViaChris - Waldeck ViaChris\" \/>\n<meta property=\"og:description\" content=\"In der wundersch\u00f6nen Natur von Waldeck befindet sich unsere Ferienwohnung. Hier kommen Sie zur Ruhe. In der Ferienwohnung (ca. 60 qm) ist Platz f\u00fcr 2 bis 4 Personen.\" \/>\n<meta property=\"og:url\" content=\"https:\/\/www.waldeckviachris.com\/over-waldeck-viachris\/\" \/>\n<meta property=\"og:site_name\" content=\"Waldeck ViaChris\" \/>\n<meta property=\"article:modified_time\" content=\"2025-02-17T20:00:20+00:00\" \/>\n<meta name=\"twitter:card\" content=\"summary_large_image\" \/>\n<meta name=\"twitter:label1\" content=\"Gesch\u00e4tzte Lesezeit\" \/>\n\t<meta name=\"twitter:data1\" content=\"3\u00a0Minuten\" \/>\n<script type=\"application\/ld+json\" class=\"yoast-schema-graph\">{\"@context\":\"https:\\\/\\\/schema.org\",\"@graph\":[{\"@type\":\"WebPage\",\"@id\":\"https:\\\/\\\/www.waldeckviachris.com\\\/over-waldeck-viachris\\\/\",\"url\":\"https:\\\/\\\/www.waldeckviachris.com\\\/over-waldeck-viachris\\\/\",\"name\":\"\u00dcber Waldeck ViaChris - Waldeck ViaChris\",\"isPartOf\":{\"@id\":\"https:\\\/\\\/www.waldeckviachris.com\\\/#website\"},\"primaryImageOfPage\":{\"@id\":\"https:\\\/\\\/www.waldeckviachris.com\\\/over-waldeck-viachris\\\/#primaryimage\"},\"image\":{\"@id\":\"https:\\\/\\\/www.waldeckviachris.com\\\/over-waldeck-viachris\\\/#primaryimage\"},\"thumbnailUrl\":\"\",\"datePublished\":\"2024-11-20T02:42:06+00:00\",\"dateModified\":\"2025-02-17T20:00:20+00:00\",\"description\":\"In der wundersch\u00f6nen Natur von Waldeck befindet sich unsere Ferienwohnung. Hier kommen Sie zur Ruhe. In der Ferienwohnung (ca. 60 qm) ist Platz f\u00fcr 2 bis 4 Personen.\",\"breadcrumb\":{\"@id\":\"https:\\\/\\\/www.waldeckviachris.com\\\/over-waldeck-viachris\\\/#breadcrumb\"},\"inLanguage\":\"de\",\"potentialAction\":[{\"@type\":\"ReadAction\",\"target\":[\"https:\\\/\\\/www.waldeckviachris.com\\\/over-waldeck-viachris\\\/\"]}]},{\"@type\":\"ImageObject\",\"inLanguage\":\"de\",\"@id\":\"https:\\\/\\\/www.waldeckviachris.com\\\/over-waldeck-viachris\\\/#primaryimage\",\"url\":\"\",\"contentUrl\":\"\"},{\"@type\":\"BreadcrumbList\",\"@id\":\"https:\\\/\\\/www.waldeckviachris.com\\\/over-waldeck-viachris\\\/#breadcrumb\",\"itemListElement\":[{\"@type\":\"ListItem\",\"position\":1,\"name\":\"Home\",\"item\":\"https:\\\/\\\/www.waldeckviachris.com\\\/de\\\/\"},{\"@type\":\"ListItem\",\"position\":2,\"name\":\"\u00dcber Waldeck ViaChris\"}]},{\"@type\":\"WebSite\",\"@id\":\"https:\\\/\\\/www.waldeckviachris.com\\\/#website\",\"url\":\"https:\\\/\\\/www.waldeckviachris.com\\\/\",\"name\":\"Waldeck ViaChris\",\"description\":\"\",\"publisher\":{\"@id\":\"https:\\\/\\\/www.waldeckviachris.com\\\/#organization\"},\"potentialAction\":[{\"@type\":\"SearchAction\",\"target\":{\"@type\":\"EntryPoint\",\"urlTemplate\":\"https:\\\/\\\/www.waldeckviachris.com\\\/?s={search_term_string}\"},\"query-input\":{\"@type\":\"PropertyValueSpecification\",\"valueRequired\":true,\"valueName\":\"search_term_string\"}}],\"inLanguage\":\"de\"},{\"@type\":\"Organization\",\"@id\":\"https:\\\/\\\/www.waldeckviachris.com\\\/#organization\",\"name\":\"vakantiewoning Waldeck ViaChris\",\"url\":\"https:\\\/\\\/www.waldeckviachris.com\\\/\",\"logo\":{\"@type\":\"ImageObject\",\"inLanguage\":\"de\",\"@id\":\"https:\\\/\\\/www.waldeckviachris.com\\\/#\\\/schema\\\/logo\\\/image\\\/\",\"url\":\"https:\\\/\\\/www.waldeckviachris.com\\\/wp-content\\\/uploads\\\/2024\\\/11\\\/logo.png\",\"contentUrl\":\"https:\\\/\\\/www.waldeckviachris.com\\\/wp-content\\\/uploads\\\/2024\\\/11\\\/logo.png\",\"width\":312,\"height\":112,\"caption\":\"vakantiewoning Waldeck ViaChris\"},\"image\":{\"@id\":\"https:\\\/\\\/www.waldeckviachris.com\\\/#\\\/schema\\\/logo\\\/image\\\/\"}}]}<\/script>\n<!-- \/ Yoast SEO plugin. -->","yoast_head_json":{"title":"\u00dcber Waldeck ViaChris - Waldeck ViaChris","description":"In der wundersch\u00f6nen Natur von Waldeck befindet sich unsere Ferienwohnung. Hier kommen Sie zur Ruhe. In der Ferienwohnung (ca. 60 qm) ist Platz f\u00fcr 2 bis 4 Personen.","robots":{"index":"index","follow":"follow","max-snippet":"max-snippet:-1","max-image-preview":"max-image-preview:large","max-video-preview":"max-video-preview:-1"},"canonical":"https:\/\/www.waldeckviachris.com\/over-waldeck-viachris\/","og_locale":"de_DE","og_type":"article","og_title":"\u00dcber Waldeck ViaChris - Waldeck ViaChris","og_description":"In der wundersch\u00f6nen Natur von Waldeck befindet sich unsere Ferienwohnung. Hier kommen Sie zur Ruhe. In der Ferienwohnung (ca. 60 qm) ist Platz f\u00fcr 2 bis 4 Personen.","og_url":"https:\/\/www.waldeckviachris.com\/over-waldeck-viachris\/","og_site_name":"Waldeck ViaChris","article_modified_time":"2025-02-17T20:00:20+00:00","twitter_card":"summary_large_image","twitter_misc":{"Gesch\u00e4tzte Lesezeit":"3\u00a0Minuten"},"schema":{"@context":"https:\/\/schema.org","@graph":[{"@type":"WebPage","@id":"https:\/\/www.waldeckviachris.com\/over-waldeck-viachris\/","url":"https:\/\/www.waldeckviachris.com\/over-waldeck-viachris\/","name":"\u00dcber Waldeck ViaChris - Waldeck ViaChris","isPartOf":{"@id":"https:\/\/www.waldeckviachris.com\/#website"},"primaryImageOfPage":{"@id":"https:\/\/www.waldeckviachris.com\/over-waldeck-viachris\/#primaryimage"},"image":{"@id":"https:\/\/www.waldeckviachris.com\/over-waldeck-viachris\/#primaryimage"},"thumbnailUrl":"","datePublished":"2024-11-20T02:42:06+00:00","dateModified":"2025-02-17T20:00:20+00:00","description":"In der wundersch\u00f6nen Natur von Waldeck befindet sich unsere Ferienwohnung. Hier kommen Sie zur Ruhe. In der Ferienwohnung (ca. 60 qm) ist Platz f\u00fcr 2 bis 4 Personen.","breadcrumb":{"@id":"https:\/\/www.waldeckviachris.com\/over-waldeck-viachris\/#breadcrumb"},"inLanguage":"de","potentialAction":[{"@type":"ReadAction","target":["https:\/\/www.waldeckviachris.com\/over-waldeck-viachris\/"]}]},{"@type":"ImageObject","inLanguage":"de","@id":"https:\/\/www.waldeckviachris.com\/over-waldeck-viachris\/#primaryimage","url":"","contentUrl":""},{"@type":"BreadcrumbList","@id":"https:\/\/www.waldeckviachris.com\/over-waldeck-viachris\/#breadcrumb","itemListElement":[{"@type":"ListItem","position":1,"name":"Home","item":"https:\/\/www.waldeckviachris.com\/de\/"},{"@type":"ListItem","position":2,"name":"\u00dcber Waldeck ViaChris"}]},{"@type":"WebSite","@id":"https:\/\/www.waldeckviachris.com\/#website","url":"https:\/\/www.waldeckviachris.com\/","name":"Waldeck ViaChris","description":"","publisher":{"@id":"https:\/\/www.waldeckviachris.com\/#organization"},"potentialAction":[{"@type":"SearchAction","target":{"@type":"EntryPoint","urlTemplate":"https:\/\/www.waldeckviachris.com\/?s={search_term_string}"},"query-input":{"@type":"PropertyValueSpecification","valueRequired":true,"valueName":"search_term_string"}}],"inLanguage":"de"},{"@type":"Organization","@id":"https:\/\/www.waldeckviachris.com\/#organization","name":"vakantiewoning Waldeck ViaChris","url":"https:\/\/www.waldeckviachris.com\/","logo":{"@type":"ImageObject","inLanguage":"de","@id":"https:\/\/www.waldeckviachris.com\/#\/schema\/logo\/image\/","url":"https:\/\/www.waldeckviachris.com\/wp-content\/uploads\/2024\/11\/logo.png","contentUrl":"https:\/\/www.waldeckviachris.com\/wp-content\/uploads\/2024\/11\/logo.png","width":312,"height":112,"caption":"vakantiewoning Waldeck ViaChris"},"image":{"@id":"https:\/\/www.waldeckviachris.com\/#\/schema\/logo\/image\/"}}]}},"_links":{"self":[{"href":"https:\/\/www.waldeckviachris.com\/de\/wp-json\/wp\/v2\/pages\/1039","targetHints":{"allow":["GET"]}}],"collection":[{"href":"https:\/\/www.waldeckviachris.com\/de\/wp-json\/wp\/v2\/pages"}],"about":[{"href":"https:\/\/www.waldeckviachris.com\/de\/wp-json\/wp\/v2\/types\/page"}],"author":[{"embeddable":true,"href":"https:\/\/www.waldeckviachris.com\/de\/wp-json\/wp\/v2\/users\/1"}],"replies":[{"embeddable":true,"href":"https:\/\/www.waldeckviachris.com\/de\/wp-json\/wp\/v2\/comments?post=1039"}],"version-history":[{"count":26,"href":"https:\/\/www.waldeckviachris.com\/de\/wp-json\/wp\/v2\/pages\/1039\/revisions"}],"predecessor-version":[{"id":1838,"href":"https:\/\/www.waldeckviachris.com\/de\/wp-json\/wp\/v2\/pages\/1039\/revisions\/1838"}],"wp:featuredmedia":[{"embeddable":true,"href":"https:\/\/www.waldeckviachris.com\/de\/wp-json\/"}],"wp:attachment":[{"href":"https:\/\/www.waldeckviachris.com\/de\/wp-json\/wp\/v2\/media?parent=1039"}],"curies":[{"name":"wp","href":"https:\/\/api.w.org\/{rel}","templated":true}]}}